{"id":38093,"date":"2025-12-15T22:31:07","date_gmt":"2025-12-15T21:31:07","guid":{"rendered":"https:\/\/chefsouad.com\/product\/plateau-beldi-amendes-grand\/"},"modified":"2026-02-11T14:19:39","modified_gmt":"2026-02-11T13:19:39","slug":"plateau-beldi-amendes-grand","status":"publish","type":"product","link":"https:\/\/chefsouad.com\/ar\/product\/plateau-beldi-amendes-grand\/","title":{"rendered":"Plateau Beldi amendes Grand"},"content":{"rendered":"<p><span style=\"font-weight: 400;\">Un assortiment raffin\u00e9 des meilleures p\u00e2tisseries aux amandes, alliant croquant et fondant. La s\u00e9lection id\u00e9ale pour vos grandes r\u00e9ceptions ou pour offrir un cadeau gourmand et authentique.<\/span><\/p>","protected":false},"excerpt":{"rendered":"<p>Un assortiment raffin\u00e9 des meilleures p\u00e2tisseries aux amandes, alliant croquant et fondant. La s\u00e9lection id\u00e9ale pour vos grandes r\u00e9ceptions ou<\/p>","protected":false},"featured_media":38318,"comment_status":"open","ping_status":"closed","template":"","meta":[],"product_brand":[],"product_cat":[162],"product_tag":[],"class_list":{"0":"post-38093","1":"product","2":"type-product","3":"status-publish","4":"has-post-thumbnail","6":"product_cat-plats-de-reception","8":"first","9":"instock","10":"shipping-taxable","11":"purchasable","12":"product-type-simple"},"_links":{"self":[{"href":"https:\/\/chefsouad.com\/ar\/wp-json\/wp\/v2\/product\/38093","targetHints":{"allow":["GET"]}}],"collection":[{"href":"https:\/\/chefsouad.com\/ar\/wp-json\/wp\/v2\/product"}],"about":[{"href":"https:\/\/chefsouad.com\/ar\/wp-json\/wp\/v2\/types\/product"}],"replies":[{"embeddable":true,"href":"https:\/\/chefsouad.com\/ar\/wp-json\/wp\/v2\/comments?post=38093"}],"version-history":[{"count":4,"href":"https:\/\/chefsouad.com\/ar\/wp-json\/wp\/v2\/product\/38093\/revisions"}],"predecessor-version":[{"id":38399,"href":"https:\/\/chefsouad.com\/ar\/wp-json\/wp\/v2\/product\/38093\/revisions\/38399"}],"wp:featuredmedia":[{"embeddable":true,"href":"https:\/\/chefsouad.com\/ar\/wp-json\/wp\/v2\/media\/38318"}],"wp:attachment":[{"href":"https:\/\/chefsouad.com\/ar\/wp-json\/wp\/v2\/media?parent=38093"}],"wp:term":[{"taxonomy":"product_brand","embeddable":true,"href":"https:\/\/chefsouad.com\/ar\/wp-json\/wp\/v2\/product_brand?post=38093"},{"taxonomy":"product_cat","embeddable":true,"href":"https:\/\/chefsouad.com\/ar\/wp-json\/wp\/v2\/product_cat?post=38093"},{"taxonomy":"product_tag","embeddable":true,"href":"https:\/\/chefsouad.com\/ar\/wp-json\/wp\/v2\/product_tag?post=38093"}],"curies":[{"name":"wp","href":"https:\/\/api.w.org\/{rel}","templated":true}]}}