{"id":38077,"date":"2025-12-15T22:31:06","date_gmt":"2025-12-15T21:31:06","guid":{"rendered":"https:\/\/chefsouad.com\/?post_type=product&#038;p=38077"},"modified":"2026-02-11T14:23:08","modified_gmt":"2026-02-11T13:23:08","slug":"plateaux-sale-varies","status":"publish","type":"product","link":"https:\/\/chefsouad.com\/ar\/product\/plateaux-sale-varies\/","title":{"rendered":"Plateau de Sal\u00e9s vari\u00e9s"},"content":{"rendered":"<p>Plateau de Sal\u00e9s vari\u00e9s : Une explosion de saveurs en une seule bouch\u00e9e. L\u2019assortiment id\u00e9al pour \u00e9pater vos invit\u00e9s en r\u00e9ception ou pour un ap\u00e9ritif d\u00eenatoire sans effort \u00e0 la maison.<\/p>","protected":false},"excerpt":{"rendered":"<p>Plateau de Sal\u00e9s vari\u00e9s : Une explosion de saveurs en une seule bouch\u00e9e. L\u2019assortiment id\u00e9al pour \u00e9pater vos invit\u00e9s en<\/p>","protected":false},"featured_media":38113,"comment_status":"open","ping_status":"closed","template":"","meta":[],"product_brand":[],"product_cat":[163],"product_tag":[],"class_list":{"0":"post-38077","1":"product","2":"type-product","3":"status-publish","4":"has-post-thumbnail","6":"product_cat-sales-patisseries","8":"first","9":"instock","10":"shipping-taxable","11":"purchasable","12":"product-type-simple"},"_links":{"self":[{"href":"https:\/\/chefsouad.com\/ar\/wp-json\/wp\/v2\/product\/38077","targetHints":{"allow":["GET"]}}],"collection":[{"href":"https:\/\/chefsouad.com\/ar\/wp-json\/wp\/v2\/product"}],"about":[{"href":"https:\/\/chefsouad.com\/ar\/wp-json\/wp\/v2\/types\/product"}],"replies":[{"embeddable":true,"href":"https:\/\/chefsouad.com\/ar\/wp-json\/wp\/v2\/comments?post=38077"}],"version-history":[{"count":4,"href":"https:\/\/chefsouad.com\/ar\/wp-json\/wp\/v2\/product\/38077\/revisions"}],"predecessor-version":[{"id":38410,"href":"https:\/\/chefsouad.com\/ar\/wp-json\/wp\/v2\/product\/38077\/revisions\/38410"}],"wp:featuredmedia":[{"embeddable":true,"href":"https:\/\/chefsouad.com\/ar\/wp-json\/wp\/v2\/media\/38113"}],"wp:attachment":[{"href":"https:\/\/chefsouad.com\/ar\/wp-json\/wp\/v2\/media?parent=38077"}],"wp:term":[{"taxonomy":"product_brand","embeddable":true,"href":"https:\/\/chefsouad.com\/ar\/wp-json\/wp\/v2\/product_brand?post=38077"},{"taxonomy":"product_cat","embeddable":true,"href":"https:\/\/chefsouad.com\/ar\/wp-json\/wp\/v2\/product_cat?post=38077"},{"taxonomy":"product_tag","embeddable":true,"href":"https:\/\/chefsouad.com\/ar\/wp-json\/wp\/v2\/product_tag?post=38077"}],"curies":[{"name":"wp","href":"https:\/\/api.w.org\/{rel}","templated":true}]}}