{"id":38076,"date":"2025-12-15T22:31:06","date_gmt":"2025-12-15T21:31:06","guid":{"rendered":"https:\/\/chefsouad.com\/?post_type=product&#038;p=38076"},"modified":"2026-02-11T14:22:54","modified_gmt":"2026-02-11T13:22:54","slug":"plateau-financier","status":"publish","type":"product","link":"https:\/\/chefsouad.com\/ar\/product\/plateau-financier\/","title":{"rendered":"Plateau de Financiers Maison."},"content":{"rendered":"<p><span style=\"font-weight: 400;\">Un assortiment de financiers moelleux d\u00e9clin\u00e9s en (pistache, chocolat, framboise). Une s\u00e9lection artisanale, color\u00e9e et \u00e9l\u00e9gante, id\u00e9ale pour \u00e9gayer vos tables de f\u00eate ou pour un go\u00fbter chic et vari\u00e9.<\/span><\/p>","protected":false},"excerpt":{"rendered":"<p>Un assortiment de financiers moelleux d\u00e9clin\u00e9s en (pistache, chocolat, framboise). Une s\u00e9lection artisanale, color\u00e9e et \u00e9l\u00e9gante, id\u00e9ale pour \u00e9gayer vos<\/p>","protected":false},"featured_media":38111,"comment_status":"open","ping_status":"closed","template":"","meta":[],"product_brand":[],"product_cat":[162],"product_tag":[],"class_list":{"0":"post-38076","1":"product","2":"type-product","3":"status-publish","4":"has-post-thumbnail","6":"product_cat-plats-de-reception","8":"first","9":"instock","10":"shipping-taxable","11":"purchasable","12":"product-type-simple"},"_links":{"self":[{"href":"https:\/\/chefsouad.com\/ar\/wp-json\/wp\/v2\/product\/38076","targetHints":{"allow":["GET"]}}],"collection":[{"href":"https:\/\/chefsouad.com\/ar\/wp-json\/wp\/v2\/product"}],"about":[{"href":"https:\/\/chefsouad.com\/ar\/wp-json\/wp\/v2\/types\/product"}],"replies":[{"embeddable":true,"href":"https:\/\/chefsouad.com\/ar\/wp-json\/wp\/v2\/comments?post=38076"}],"version-history":[{"count":4,"href":"https:\/\/chefsouad.com\/ar\/wp-json\/wp\/v2\/product\/38076\/revisions"}],"predecessor-version":[{"id":38409,"href":"https:\/\/chefsouad.com\/ar\/wp-json\/wp\/v2\/product\/38076\/revisions\/38409"}],"wp:featuredmedia":[{"embeddable":true,"href":"https:\/\/chefsouad.com\/ar\/wp-json\/wp\/v2\/media\/38111"}],"wp:attachment":[{"href":"https:\/\/chefsouad.com\/ar\/wp-json\/wp\/v2\/media?parent=38076"}],"wp:term":[{"taxonomy":"product_brand","embeddable":true,"href":"https:\/\/chefsouad.com\/ar\/wp-json\/wp\/v2\/product_brand?post=38076"},{"taxonomy":"product_cat","embeddable":true,"href":"https:\/\/chefsouad.com\/ar\/wp-json\/wp\/v2\/product_cat?post=38076"},{"taxonomy":"product_tag","embeddable":true,"href":"https:\/\/chefsouad.com\/ar\/wp-json\/wp\/v2\/product_tag?post=38076"}],"curies":[{"name":"wp","href":"https:\/\/api.w.org\/{rel}","templated":true}]}}