{"id":38075,"date":"2025-12-15T22:31:06","date_gmt":"2025-12-15T21:31:06","guid":{"rendered":"https:\/\/chefsouad.com\/?post_type=product&#038;p=38075"},"modified":"2026-02-11T14:22:26","modified_gmt":"2026-02-11T13:22:26","slug":"nemes-fromage-epinards","status":"publish","type":"product","link":"https:\/\/chefsouad.com\/ar\/product\/nemes-fromage-epinards\/","title":{"rendered":"Nems fromage &#038; \u00e9pinards"},"content":{"rendered":"<p><span style=\"font-weight: 400;\">Un m\u00e9lange onctueux de fromage et d&rsquo;\u00e9pinards frais dans une enveloppe dor\u00e9e et croustillante.<\/span><\/p>","protected":false},"excerpt":{"rendered":"<p>Un m\u00e9lange onctueux de fromage et d&rsquo;\u00e9pinards frais dans une enveloppe dor\u00e9e et croustillante.<\/p>","protected":false},"featured_media":38103,"comment_status":"open","ping_status":"closed","template":"","meta":[],"product_brand":[],"product_cat":[162],"product_tag":[],"class_list":{"0":"post-38075","1":"product","2":"type-product","3":"status-publish","4":"has-post-thumbnail","6":"product_cat-plats-de-reception","8":"first","9":"instock","10":"shipping-taxable","11":"purchasable","12":"product-type-simple"},"_links":{"self":[{"href":"https:\/\/chefsouad.com\/ar\/wp-json\/wp\/v2\/product\/38075","targetHints":{"allow":["GET"]}}],"collection":[{"href":"https:\/\/chefsouad.com\/ar\/wp-json\/wp\/v2\/product"}],"about":[{"href":"https:\/\/chefsouad.com\/ar\/wp-json\/wp\/v2\/types\/product"}],"replies":[{"embeddable":true,"href":"https:\/\/chefsouad.com\/ar\/wp-json\/wp\/v2\/comments?post=38075"}],"version-history":[{"count":5,"href":"https:\/\/chefsouad.com\/ar\/wp-json\/wp\/v2\/product\/38075\/revisions"}],"predecessor-version":[{"id":38408,"href":"https:\/\/chefsouad.com\/ar\/wp-json\/wp\/v2\/product\/38075\/revisions\/38408"}],"wp:featuredmedia":[{"embeddable":true,"href":"https:\/\/chefsouad.com\/ar\/wp-json\/wp\/v2\/media\/38103"}],"wp:attachment":[{"href":"https:\/\/chefsouad.com\/ar\/wp-json\/wp\/v2\/media?parent=38075"}],"wp:term":[{"taxonomy":"product_brand","embeddable":true,"href":"https:\/\/chefsouad.com\/ar\/wp-json\/wp\/v2\/product_brand?post=38075"},{"taxonomy":"product_cat","embeddable":true,"href":"https:\/\/chefsouad.com\/ar\/wp-json\/wp\/v2\/product_cat?post=38075"},{"taxonomy":"product_tag","embeddable":true,"href":"https:\/\/chefsouad.com\/ar\/wp-json\/wp\/v2\/product_tag?post=38075"}],"curies":[{"name":"wp","href":"https:\/\/api.w.org\/{rel}","templated":true}]}}