{"id":38074,"date":"2025-12-15T22:31:06","date_gmt":"2025-12-15T21:31:06","guid":{"rendered":"https:\/\/chefsouad.com\/?post_type=product&#038;p=38074"},"modified":"2026-02-11T13:59:15","modified_gmt":"2026-02-11T12:59:15","slug":"cigares-aux-amandes-pate-filo-au-four","status":"publish","type":"product","link":"https:\/\/chefsouad.com\/ar\/product\/cigares-aux-amandes-pate-filo-au-four\/","title":{"rendered":"Cigares aux Amandes (P\u00e2te Filo au Four)"},"content":{"rendered":"<p>La l\u00e9g\u00e8ret\u00e9 d\u2019une p\u00e2te filo croustillante au four, abritant un c\u0153ur d\u2019amandes fin et d\u00e9licatement parfum\u00e9.<\/p>","protected":false},"excerpt":{"rendered":"<p>La l\u00e9g\u00e8ret\u00e9 d\u2019une p\u00e2te filo croustillante au four, abritant un c\u0153ur d\u2019amandes fin et d\u00e9licatement parfum\u00e9.<\/p>","protected":false},"featured_media":38396,"comment_status":"open","ping_status":"closed","template":"","meta":[],"product_brand":[],"product_cat":[162],"product_tag":[],"class_list":{"0":"post-38074","1":"product","2":"type-product","3":"status-publish","4":"has-post-thumbnail","6":"product_cat-plats-de-reception","8":"first","9":"instock","10":"shipping-taxable","11":"purchasable","12":"product-type-simple"},"_links":{"self":[{"href":"https:\/\/chefsouad.com\/ar\/wp-json\/wp\/v2\/product\/38074","targetHints":{"allow":["GET"]}}],"collection":[{"href":"https:\/\/chefsouad.com\/ar\/wp-json\/wp\/v2\/product"}],"about":[{"href":"https:\/\/chefsouad.com\/ar\/wp-json\/wp\/v2\/types\/product"}],"replies":[{"embeddable":true,"href":"https:\/\/chefsouad.com\/ar\/wp-json\/wp\/v2\/comments?post=38074"}],"version-history":[{"count":3,"href":"https:\/\/chefsouad.com\/ar\/wp-json\/wp\/v2\/product\/38074\/revisions"}],"predecessor-version":[{"id":38394,"href":"https:\/\/chefsouad.com\/ar\/wp-json\/wp\/v2\/product\/38074\/revisions\/38394"}],"wp:featuredmedia":[{"embeddable":true,"href":"https:\/\/chefsouad.com\/ar\/wp-json\/wp\/v2\/media\/38396"}],"wp:attachment":[{"href":"https:\/\/chefsouad.com\/ar\/wp-json\/wp\/v2\/media?parent=38074"}],"wp:term":[{"taxonomy":"product_brand","embeddable":true,"href":"https:\/\/chefsouad.com\/ar\/wp-json\/wp\/v2\/product_brand?post=38074"},{"taxonomy":"product_cat","embeddable":true,"href":"https:\/\/chefsouad.com\/ar\/wp-json\/wp\/v2\/product_cat?post=38074"},{"taxonomy":"product_tag","embeddable":true,"href":"https:\/\/chefsouad.com\/ar\/wp-json\/wp\/v2\/product_tag?post=38074"}],"curies":[{"name":"wp","href":"https:\/\/api.w.org\/{rel}","templated":true}]}}