{"id":38073,"date":"2025-12-15T22:31:06","date_gmt":"2025-12-15T21:31:06","guid":{"rendered":"https:\/\/chefsouad.com\/?post_type=product&#038;p=38073"},"modified":"2026-02-11T14:22:06","modified_gmt":"2026-02-11T13:22:06","slug":"couscous-avec-tfaya","status":"publish","type":"product","link":"https:\/\/chefsouad.com\/ar\/product\/couscous-avec-tfaya\/","title":{"rendered":"Couscous \u00e0 la Tfaya"},"content":{"rendered":"<p><span style=\"font-weight: 400;\">Un mariage subtil entre la finesse de la semoule et le go\u00fbt sucr\u00e9-sal\u00e9 des oignons caram\u00e9lis\u00e9s et des raisins secs. Un plat embl\u00e9matique, id\u00e9al pour vos moments de f\u00eate ou pour un repas de famille authentique.<\/span><\/p>","protected":false},"excerpt":{"rendered":"<p>Un mariage subtil entre la finesse de la semoule et le go\u00fbt sucr\u00e9-sal\u00e9 des oignons caram\u00e9lis\u00e9s et des raisins secs.<\/p>","protected":false},"featured_media":38340,"comment_status":"open","ping_status":"closed","template":"","meta":[],"product_brand":[],"product_cat":[162],"product_tag":[],"class_list":{"0":"post-38073","1":"product","2":"type-product","3":"status-publish","4":"has-post-thumbnail","6":"product_cat-plats-de-reception","8":"first","9":"instock","10":"shipping-taxable","11":"purchasable","12":"product-type-simple"},"_links":{"self":[{"href":"https:\/\/chefsouad.com\/ar\/wp-json\/wp\/v2\/product\/38073","targetHints":{"allow":["GET"]}}],"collection":[{"href":"https:\/\/chefsouad.com\/ar\/wp-json\/wp\/v2\/product"}],"about":[{"href":"https:\/\/chefsouad.com\/ar\/wp-json\/wp\/v2\/types\/product"}],"replies":[{"embeddable":true,"href":"https:\/\/chefsouad.com\/ar\/wp-json\/wp\/v2\/comments?post=38073"}],"version-history":[{"count":4,"href":"https:\/\/chefsouad.com\/ar\/wp-json\/wp\/v2\/product\/38073\/revisions"}],"predecessor-version":[{"id":38407,"href":"https:\/\/chefsouad.com\/ar\/wp-json\/wp\/v2\/product\/38073\/revisions\/38407"}],"wp:featuredmedia":[{"embeddable":true,"href":"https:\/\/chefsouad.com\/ar\/wp-json\/wp\/v2\/media\/38340"}],"wp:attachment":[{"href":"https:\/\/chefsouad.com\/ar\/wp-json\/wp\/v2\/media?parent=38073"}],"wp:term":[{"taxonomy":"product_brand","embeddable":true,"href":"https:\/\/chefsouad.com\/ar\/wp-json\/wp\/v2\/product_brand?post=38073"},{"taxonomy":"product_cat","embeddable":true,"href":"https:\/\/chefsouad.com\/ar\/wp-json\/wp\/v2\/product_cat?post=38073"},{"taxonomy":"product_tag","embeddable":true,"href":"https:\/\/chefsouad.com\/ar\/wp-json\/wp\/v2\/product_tag?post=38073"}],"curies":[{"name":"wp","href":"https:\/\/api.w.org\/{rel}","templated":true}]}}