{"id":38072,"date":"2025-12-15T22:31:06","date_gmt":"2025-12-15T21:31:06","guid":{"rendered":"https:\/\/chefsouad.com\/?post_type=product&#038;p=38072"},"modified":"2026-02-11T14:21:52","modified_gmt":"2026-02-11T13:21:52","slug":"souris-dagneau","status":"publish","type":"product","link":"https:\/\/chefsouad.com\/ar\/product\/souris-dagneau\/","title":{"rendered":"Souris d&rsquo;Agneau"},"content":{"rendered":"<p><span style=\"font-weight: 400;\">Une pi\u00e8ce g\u00e9n\u00e9reuse brais\u00e9e lentement pour une texture fondante qui se d\u00e9tache \u00e0 la fourchette. Un plat de f\u00eate savoureux, id\u00e9al pour un d\u00eener prestigieux ou un moment de partage authentique.<\/span><\/p>","protected":false},"excerpt":{"rendered":"<p>Une pi\u00e8ce g\u00e9n\u00e9reuse brais\u00e9e lentement pour une texture fondante qui se d\u00e9tache \u00e0 la fourchette. Un plat de f\u00eate savoureux,<\/p>","protected":false},"featured_media":38116,"comment_status":"open","ping_status":"closed","template":"","meta":[],"product_brand":[],"product_cat":[162],"product_tag":[],"class_list":{"0":"post-38072","1":"product","2":"type-product","3":"status-publish","4":"has-post-thumbnail","6":"product_cat-plats-de-reception","8":"first","9":"instock","10":"shipping-taxable","11":"purchasable","12":"product-type-simple"},"_links":{"self":[{"href":"https:\/\/chefsouad.com\/ar\/wp-json\/wp\/v2\/product\/38072","targetHints":{"allow":["GET"]}}],"collection":[{"href":"https:\/\/chefsouad.com\/ar\/wp-json\/wp\/v2\/product"}],"about":[{"href":"https:\/\/chefsouad.com\/ar\/wp-json\/wp\/v2\/types\/product"}],"replies":[{"embeddable":true,"href":"https:\/\/chefsouad.com\/ar\/wp-json\/wp\/v2\/comments?post=38072"}],"version-history":[{"count":4,"href":"https:\/\/chefsouad.com\/ar\/wp-json\/wp\/v2\/product\/38072\/revisions"}],"predecessor-version":[{"id":38406,"href":"https:\/\/chefsouad.com\/ar\/wp-json\/wp\/v2\/product\/38072\/revisions\/38406"}],"wp:featuredmedia":[{"embeddable":true,"href":"https:\/\/chefsouad.com\/ar\/wp-json\/wp\/v2\/media\/38116"}],"wp:attachment":[{"href":"https:\/\/chefsouad.com\/ar\/wp-json\/wp\/v2\/media?parent=38072"}],"wp:term":[{"taxonomy":"product_brand","embeddable":true,"href":"https:\/\/chefsouad.com\/ar\/wp-json\/wp\/v2\/product_brand?post=38072"},{"taxonomy":"product_cat","embeddable":true,"href":"https:\/\/chefsouad.com\/ar\/wp-json\/wp\/v2\/product_cat?post=38072"},{"taxonomy":"product_tag","embeddable":true,"href":"https:\/\/chefsouad.com\/ar\/wp-json\/wp\/v2\/product_tag?post=38072"}],"curies":[{"name":"wp","href":"https:\/\/api.w.org\/{rel}","templated":true}]}}