{"id":38071,"date":"2025-12-15T22:31:06","date_gmt":"2025-12-15T21:31:06","guid":{"rendered":"https:\/\/chefsouad.com\/?post_type=product&#038;p=38071"},"modified":"2026-02-11T14:21:38","modified_gmt":"2026-02-11T13:21:38","slug":"petite-pastilla-poulet","status":"publish","type":"product","link":"https:\/\/chefsouad.com\/ar\/product\/petite-pastilla-poulet\/","title":{"rendered":"Mini Pastillas au Poulet"},"content":{"rendered":"<p><span style=\"font-weight: 400;\">Une farce savoureuse de poulet effiloch\u00e9, parfum\u00e9e \u00e0 la cannelle et aux amandes croquantes. Un classique de la gastronomie marocaine, id\u00e9al pour vos r\u00e9ceptions ou pour un instant gourmand d&rsquo;exception.<\/span><\/p>","protected":false},"excerpt":{"rendered":"<p>Une farce savoureuse de poulet effiloch\u00e9, parfum\u00e9e \u00e0 la cannelle et aux amandes croquantes. Un classique de la gastronomie marocaine,<\/p>","protected":false},"featured_media":38109,"comment_status":"open","ping_status":"closed","template":"","meta":[],"product_brand":[],"product_cat":[162],"product_tag":[],"class_list":{"0":"post-38071","1":"product","2":"type-product","3":"status-publish","4":"has-post-thumbnail","6":"product_cat-plats-de-reception","8":"first","9":"instock","10":"shipping-taxable","11":"purchasable","12":"product-type-simple"},"_links":{"self":[{"href":"https:\/\/chefsouad.com\/ar\/wp-json\/wp\/v2\/product\/38071","targetHints":{"allow":["GET"]}}],"collection":[{"href":"https:\/\/chefsouad.com\/ar\/wp-json\/wp\/v2\/product"}],"about":[{"href":"https:\/\/chefsouad.com\/ar\/wp-json\/wp\/v2\/types\/product"}],"replies":[{"embeddable":true,"href":"https:\/\/chefsouad.com\/ar\/wp-json\/wp\/v2\/comments?post=38071"}],"version-history":[{"count":6,"href":"https:\/\/chefsouad.com\/ar\/wp-json\/wp\/v2\/product\/38071\/revisions"}],"predecessor-version":[{"id":38405,"href":"https:\/\/chefsouad.com\/ar\/wp-json\/wp\/v2\/product\/38071\/revisions\/38405"}],"wp:featuredmedia":[{"embeddable":true,"href":"https:\/\/chefsouad.com\/ar\/wp-json\/wp\/v2\/media\/38109"}],"wp:attachment":[{"href":"https:\/\/chefsouad.com\/ar\/wp-json\/wp\/v2\/media?parent=38071"}],"wp:term":[{"taxonomy":"product_brand","embeddable":true,"href":"https:\/\/chefsouad.com\/ar\/wp-json\/wp\/v2\/product_brand?post=38071"},{"taxonomy":"product_cat","embeddable":true,"href":"https:\/\/chefsouad.com\/ar\/wp-json\/wp\/v2\/product_cat?post=38071"},{"taxonomy":"product_tag","embeddable":true,"href":"https:\/\/chefsouad.com\/ar\/wp-json\/wp\/v2\/product_tag?post=38071"}],"curies":[{"name":"wp","href":"https:\/\/api.w.org\/{rel}","templated":true}]}}