{"id":38070,"date":"2025-12-15T22:31:06","date_gmt":"2025-12-15T21:31:06","guid":{"rendered":"https:\/\/chefsouad.com\/?post_type=product&#038;p=38070"},"modified":"2026-02-11T14:21:14","modified_gmt":"2026-02-11T13:21:14","slug":"petite-pastilla-poisson","status":"publish","type":"product","link":"https:\/\/chefsouad.com\/ar\/product\/petite-pastilla-poisson\/","title":{"rendered":"Mini Pastillas au Poisson"},"content":{"rendered":"<p><span style=\"font-weight: 400;\">Une alliance savoureuse de poisson fin et de vermicelles, parfum\u00e9e aux \u00e9pices marines traditionnelles. Id\u00e9ale pour vos r\u00e9ceptions ou pour un petit plaisir gourmand \u00e0 tout moment de la journ\u00e9e.<\/span><\/p>","protected":false},"excerpt":{"rendered":"<p>Une alliance savoureuse de poisson fin et de vermicelles, parfum\u00e9e aux \u00e9pices marines traditionnelles. Id\u00e9ale pour vos r\u00e9ceptions ou pour<\/p>","protected":false},"featured_media":38107,"comment_status":"open","ping_status":"closed","template":"","meta":[],"product_brand":[],"product_cat":[162],"product_tag":[],"class_list":{"0":"post-38070","1":"product","2":"type-product","3":"status-publish","4":"has-post-thumbnail","6":"product_cat-plats-de-reception","8":"first","9":"instock","10":"shipping-taxable","11":"purchasable","12":"product-type-simple"},"_links":{"self":[{"href":"https:\/\/chefsouad.com\/ar\/wp-json\/wp\/v2\/product\/38070","targetHints":{"allow":["GET"]}}],"collection":[{"href":"https:\/\/chefsouad.com\/ar\/wp-json\/wp\/v2\/product"}],"about":[{"href":"https:\/\/chefsouad.com\/ar\/wp-json\/wp\/v2\/types\/product"}],"replies":[{"embeddable":true,"href":"https:\/\/chefsouad.com\/ar\/wp-json\/wp\/v2\/comments?post=38070"}],"version-history":[{"count":6,"href":"https:\/\/chefsouad.com\/ar\/wp-json\/wp\/v2\/product\/38070\/revisions"}],"predecessor-version":[{"id":38404,"href":"https:\/\/chefsouad.com\/ar\/wp-json\/wp\/v2\/product\/38070\/revisions\/38404"}],"wp:featuredmedia":[{"embeddable":true,"href":"https:\/\/chefsouad.com\/ar\/wp-json\/wp\/v2\/media\/38107"}],"wp:attachment":[{"href":"https:\/\/chefsouad.com\/ar\/wp-json\/wp\/v2\/media?parent=38070"}],"wp:term":[{"taxonomy":"product_brand","embeddable":true,"href":"https:\/\/chefsouad.com\/ar\/wp-json\/wp\/v2\/product_brand?post=38070"},{"taxonomy":"product_cat","embeddable":true,"href":"https:\/\/chefsouad.com\/ar\/wp-json\/wp\/v2\/product_cat?post=38070"},{"taxonomy":"product_tag","embeddable":true,"href":"https:\/\/chefsouad.com\/ar\/wp-json\/wp\/v2\/product_tag?post=38070"}],"curies":[{"name":"wp","href":"https:\/\/api.w.org\/{rel}","templated":true}]}}