{"id":38069,"date":"2025-12-15T22:31:06","date_gmt":"2025-12-15T21:31:06","guid":{"rendered":"https:\/\/chefsouad.com\/?post_type=product&#038;p=38069"},"modified":"2026-02-11T14:21:02","modified_gmt":"2026-02-11T13:21:02","slug":"nems-asiatique","status":"publish","type":"product","link":"https:\/\/chefsouad.com\/ar\/product\/nems-asiatique\/","title":{"rendered":"Nems asiatique"},"content":{"rendered":"<p><span style=\"font-weight: 400;\">Une bouch\u00e9e croquante id\u00e9ale pour vos ap\u00e9ritifs ou pour un voyage culinaire \u00e0 tout moment de la journ\u00e9e.<\/span><\/p>","protected":false},"excerpt":{"rendered":"<p>Une bouch\u00e9e croquante id\u00e9ale pour vos ap\u00e9ritifs ou pour un voyage culinaire \u00e0 tout moment de la journ\u00e9e.<\/p>","protected":false},"featured_media":38101,"comment_status":"open","ping_status":"closed","template":"","meta":[],"product_brand":[],"product_cat":[162],"product_tag":[],"class_list":{"0":"post-38069","1":"product","2":"type-product","3":"status-publish","4":"has-post-thumbnail","6":"product_cat-plats-de-reception","8":"first","9":"instock","10":"shipping-taxable","11":"purchasable","12":"product-type-simple"},"_links":{"self":[{"href":"https:\/\/chefsouad.com\/ar\/wp-json\/wp\/v2\/product\/38069","targetHints":{"allow":["GET"]}}],"collection":[{"href":"https:\/\/chefsouad.com\/ar\/wp-json\/wp\/v2\/product"}],"about":[{"href":"https:\/\/chefsouad.com\/ar\/wp-json\/wp\/v2\/types\/product"}],"replies":[{"embeddable":true,"href":"https:\/\/chefsouad.com\/ar\/wp-json\/wp\/v2\/comments?post=38069"}],"version-history":[{"count":5,"href":"https:\/\/chefsouad.com\/ar\/wp-json\/wp\/v2\/product\/38069\/revisions"}],"predecessor-version":[{"id":38403,"href":"https:\/\/chefsouad.com\/ar\/wp-json\/wp\/v2\/product\/38069\/revisions\/38403"}],"wp:featuredmedia":[{"embeddable":true,"href":"https:\/\/chefsouad.com\/ar\/wp-json\/wp\/v2\/media\/38101"}],"wp:attachment":[{"href":"https:\/\/chefsouad.com\/ar\/wp-json\/wp\/v2\/media?parent=38069"}],"wp:term":[{"taxonomy":"product_brand","embeddable":true,"href":"https:\/\/chefsouad.com\/ar\/wp-json\/wp\/v2\/product_brand?post=38069"},{"taxonomy":"product_cat","embeddable":true,"href":"https:\/\/chefsouad.com\/ar\/wp-json\/wp\/v2\/product_cat?post=38069"},{"taxonomy":"product_tag","embeddable":true,"href":"https:\/\/chefsouad.com\/ar\/wp-json\/wp\/v2\/product_tag?post=38069"}],"curies":[{"name":"wp","href":"https:\/\/api.w.org\/{rel}","templated":true}]}}