{"id":38068,"date":"2025-12-15T22:31:06","date_gmt":"2025-12-15T21:31:06","guid":{"rendered":"https:\/\/chefsouad.com\/?post_type=product&#038;p=38068"},"modified":"2026-02-11T14:20:41","modified_gmt":"2026-02-11T13:20:41","slug":"biscuits-fourres-aux-dattes","status":"publish","type":"product","link":"https:\/\/chefsouad.com\/ar\/product\/biscuits-fourres-aux-dattes\/","title":{"rendered":"BISCUITS FOURR\u00c9S AUX DATTES"},"content":{"rendered":"<p><span style=\"font-weight: 400;\">Un biscuit sabl\u00e9 d\u2019une finesse extr\u00eame, sublim\u00e9 par une p\u00e2te de dattes onctueuse et parfum\u00e9e. Un classique intemporel, revisit\u00e9 avec soin pour accompagner vos moments de partage les plus pr\u00e9cieux.<\/span><\/p>","protected":false},"excerpt":{"rendered":"<p>Un biscuit sabl\u00e9 d\u2019une finesse extr\u00eame, sublim\u00e9 par une p\u00e2te de dattes onctueuse et parfum\u00e9e. Un classique intemporel, revisit\u00e9 avec<\/p>","protected":false},"featured_media":38323,"comment_status":"open","ping_status":"closed","template":"","meta":[],"product_brand":[],"product_cat":[163],"product_tag":[],"class_list":{"0":"post-38068","1":"product","2":"type-product","3":"status-publish","4":"has-post-thumbnail","6":"product_cat-sales-patisseries","8":"first","9":"instock","10":"shipping-taxable","11":"purchasable","12":"product-type-simple"},"_links":{"self":[{"href":"https:\/\/chefsouad.com\/ar\/wp-json\/wp\/v2\/product\/38068","targetHints":{"allow":["GET"]}}],"collection":[{"href":"https:\/\/chefsouad.com\/ar\/wp-json\/wp\/v2\/product"}],"about":[{"href":"https:\/\/chefsouad.com\/ar\/wp-json\/wp\/v2\/types\/product"}],"replies":[{"embeddable":true,"href":"https:\/\/chefsouad.com\/ar\/wp-json\/wp\/v2\/comments?post=38068"}],"version-history":[{"count":6,"href":"https:\/\/chefsouad.com\/ar\/wp-json\/wp\/v2\/product\/38068\/revisions"}],"predecessor-version":[{"id":38402,"href":"https:\/\/chefsouad.com\/ar\/wp-json\/wp\/v2\/product\/38068\/revisions\/38402"}],"wp:featuredmedia":[{"embeddable":true,"href":"https:\/\/chefsouad.com\/ar\/wp-json\/wp\/v2\/media\/38323"}],"wp:attachment":[{"href":"https:\/\/chefsouad.com\/ar\/wp-json\/wp\/v2\/media?parent=38068"}],"wp:term":[{"taxonomy":"product_brand","embeddable":true,"href":"https:\/\/chefsouad.com\/ar\/wp-json\/wp\/v2\/product_brand?post=38068"},{"taxonomy":"product_cat","embeddable":true,"href":"https:\/\/chefsouad.com\/ar\/wp-json\/wp\/v2\/product_cat?post=38068"},{"taxonomy":"product_tag","embeddable":true,"href":"https:\/\/chefsouad.com\/ar\/wp-json\/wp\/v2\/product_tag?post=38068"}],"curies":[{"name":"wp","href":"https:\/\/api.w.org\/{rel}","templated":true}]}}