{"id":38067,"date":"2025-12-15T22:31:06","date_gmt":"2025-12-15T21:31:06","guid":{"rendered":"https:\/\/chefsouad.com\/?post_type=product&#038;p=38067"},"modified":"2026-02-11T14:20:28","modified_gmt":"2026-02-11T13:20:28","slug":"%d8%ad%d9%84%d9%88%d8%a9-%d8%a8%d8%a7%d9%84%d9%84%d9%88%d8%b2-1kg","status":"publish","type":"product","link":"https:\/\/chefsouad.com\/ar\/product\/%d8%ad%d9%84%d9%88%d8%a9-%d8%a8%d8%a7%d9%84%d9%84%d9%88%d8%b2-1kg\/","title":{"rendered":"P\u00e2tisserie Fine aux Amandes  (1kg) | \u062d\u0644\u0648\u0629 \u0628\u0627\u0644\u0644\u0648\u0632"},"content":{"rendered":"<p>Douceurs aux Amandes Signature (1kg)\u2014 Toute la d\u00e9licatesse d\u2019un savoir-faire ancestral. La touche de luxe parfaite pour vos \u00e9v\u00e9nements ou pour une d\u00e9gustation gourmande en famille.<\/p>","protected":false},"excerpt":{"rendered":"<p>Douceurs aux Amandes Signature (1kg)\u2014 Toute la d\u00e9licatesse d\u2019un savoir-faire ancestral. La touche de luxe parfaite pour vos \u00e9v\u00e9nements ou<\/p>","protected":false},"featured_media":38326,"comment_status":"open","ping_status":"closed","template":"","meta":[],"product_brand":[],"product_cat":[163],"product_tag":[],"class_list":{"0":"post-38067","1":"product","2":"type-product","3":"status-publish","4":"has-post-thumbnail","6":"product_cat-sales-patisseries","8":"first","9":"instock","10":"shipping-taxable","11":"purchasable","12":"product-type-simple"},"_links":{"self":[{"href":"https:\/\/chefsouad.com\/ar\/wp-json\/wp\/v2\/product\/38067","targetHints":{"allow":["GET"]}}],"collection":[{"href":"https:\/\/chefsouad.com\/ar\/wp-json\/wp\/v2\/product"}],"about":[{"href":"https:\/\/chefsouad.com\/ar\/wp-json\/wp\/v2\/types\/product"}],"replies":[{"embeddable":true,"href":"https:\/\/chefsouad.com\/ar\/wp-json\/wp\/v2\/comments?post=38067"}],"version-history":[{"count":5,"href":"https:\/\/chefsouad.com\/ar\/wp-json\/wp\/v2\/product\/38067\/revisions"}],"predecessor-version":[{"id":38401,"href":"https:\/\/chefsouad.com\/ar\/wp-json\/wp\/v2\/product\/38067\/revisions\/38401"}],"wp:featuredmedia":[{"embeddable":true,"href":"https:\/\/chefsouad.com\/ar\/wp-json\/wp\/v2\/media\/38326"}],"wp:attachment":[{"href":"https:\/\/chefsouad.com\/ar\/wp-json\/wp\/v2\/media?parent=38067"}],"wp:term":[{"taxonomy":"product_brand","embeddable":true,"href":"https:\/\/chefsouad.com\/ar\/wp-json\/wp\/v2\/product_brand?post=38067"},{"taxonomy":"product_cat","embeddable":true,"href":"https:\/\/chefsouad.com\/ar\/wp-json\/wp\/v2\/product_cat?post=38067"},{"taxonomy":"product_tag","embeddable":true,"href":"https:\/\/chefsouad.com\/ar\/wp-json\/wp\/v2\/product_tag?post=38067"}],"curies":[{"name":"wp","href":"https:\/\/api.w.org\/{rel}","templated":true}]}}