{"id":38066,"date":"2025-12-15T22:31:05","date_gmt":"2025-12-15T21:31:05","guid":{"rendered":"https:\/\/chefsouad.com\/?post_type=product&#038;p=38066"},"modified":"2026-02-11T14:24:47","modified_gmt":"2026-02-11T13:24:47","slug":"%d9%81%d9%82%d8%a7%d8%b5-%d8%a8%d8%a7%d9%84%d9%84%d9%88%d8%b21kg","status":"publish","type":"product","link":"https:\/\/chefsouad.com\/ar\/product\/%d9%81%d9%82%d8%a7%d8%b5-%d8%a8%d8%a7%d9%84%d9%84%d9%88%d8%b21kg\/","title":{"rendered":"Fekkas Artisanal aux Amandes (1kg)"},"content":{"rendered":"<p><span style=\"font-weight: 400;\">Un grand classique de la p\u00e2tisserie marocaine, pr\u00e9par\u00e9 avec soin pour une texture parfaitement croquante. Id\u00e9al pour accompagner votre th\u00e9 ou pour offrir un moment de gourmandise authentique \u00e0 vos invit\u00e9s.<\/span><\/p>","protected":false},"excerpt":{"rendered":"<p>Un grand classique de la p\u00e2tisserie marocaine, pr\u00e9par\u00e9 avec soin pour une texture parfaitement croquante. Id\u00e9al pour accompagner votre th\u00e9<\/p>","protected":false},"featured_media":38325,"comment_status":"open","ping_status":"closed","template":"","meta":[],"product_brand":[],"product_cat":[163],"product_tag":[],"class_list":{"0":"post-38066","1":"product","2":"type-product","3":"status-publish","4":"has-post-thumbnail","6":"product_cat-sales-patisseries","8":"first","9":"instock","10":"shipping-taxable","11":"purchasable","12":"product-type-simple"},"_links":{"self":[{"href":"https:\/\/chefsouad.com\/ar\/wp-json\/wp\/v2\/product\/38066","targetHints":{"allow":["GET"]}}],"collection":[{"href":"https:\/\/chefsouad.com\/ar\/wp-json\/wp\/v2\/product"}],"about":[{"href":"https:\/\/chefsouad.com\/ar\/wp-json\/wp\/v2\/types\/product"}],"replies":[{"embeddable":true,"href":"https:\/\/chefsouad.com\/ar\/wp-json\/wp\/v2\/comments?post=38066"}],"version-history":[{"count":5,"href":"https:\/\/chefsouad.com\/ar\/wp-json\/wp\/v2\/product\/38066\/revisions"}],"predecessor-version":[{"id":38415,"href":"https:\/\/chefsouad.com\/ar\/wp-json\/wp\/v2\/product\/38066\/revisions\/38415"}],"wp:featuredmedia":[{"embeddable":true,"href":"https:\/\/chefsouad.com\/ar\/wp-json\/wp\/v2\/media\/38325"}],"wp:attachment":[{"href":"https:\/\/chefsouad.com\/ar\/wp-json\/wp\/v2\/media?parent=38066"}],"wp:term":[{"taxonomy":"product_brand","embeddable":true,"href":"https:\/\/chefsouad.com\/ar\/wp-json\/wp\/v2\/product_brand?post=38066"},{"taxonomy":"product_cat","embeddable":true,"href":"https:\/\/chefsouad.com\/ar\/wp-json\/wp\/v2\/product_cat?post=38066"},{"taxonomy":"product_tag","embeddable":true,"href":"https:\/\/chefsouad.com\/ar\/wp-json\/wp\/v2\/product_tag?post=38066"}],"curies":[{"name":"wp","href":"https:\/\/api.w.org\/{rel}","templated":true}]}}