{"id":38065,"date":"2025-12-15T22:31:05","date_gmt":"2025-12-15T21:31:05","guid":{"rendered":"https:\/\/chefsouad.com\/?post_type=product&#038;p=38065"},"modified":"2026-02-11T14:24:33","modified_gmt":"2026-02-11T13:24:33","slug":"ghoriba-aux-amandes","status":"publish","type":"product","link":"https:\/\/chefsouad.com\/ar\/product\/ghoriba-aux-amandes\/","title":{"rendered":"Ghoriba aux Amandes (1kg)"},"content":{"rendered":"<p><span style=\"font-weight: 400;\">Un d\u00e9lice authentique, id\u00e9al pour sublimer vos plateaux de f\u00eate ou pour accompagner un th\u00e9 \u00e0 la menthe avec \u00e9l\u00e9gance.<\/span><\/p>","protected":false},"excerpt":{"rendered":"<p>Un d\u00e9lice authentique, id\u00e9al pour sublimer vos plateaux de f\u00eate ou pour accompagner un th\u00e9 \u00e0 la menthe avec \u00e9l\u00e9gance.<\/p>","protected":false},"featured_media":38118,"comment_status":"open","ping_status":"closed","template":"","meta":[],"product_brand":[],"product_cat":[163],"product_tag":[],"class_list":{"0":"post-38065","1":"product","2":"type-product","3":"status-publish","4":"has-post-thumbnail","6":"product_cat-sales-patisseries","8":"first","9":"instock","10":"shipping-taxable","11":"purchasable","12":"product-type-simple"},"_links":{"self":[{"href":"https:\/\/chefsouad.com\/ar\/wp-json\/wp\/v2\/product\/38065","targetHints":{"allow":["GET"]}}],"collection":[{"href":"https:\/\/chefsouad.com\/ar\/wp-json\/wp\/v2\/product"}],"about":[{"href":"https:\/\/chefsouad.com\/ar\/wp-json\/wp\/v2\/types\/product"}],"replies":[{"embeddable":true,"href":"https:\/\/chefsouad.com\/ar\/wp-json\/wp\/v2\/comments?post=38065"}],"version-history":[{"count":6,"href":"https:\/\/chefsouad.com\/ar\/wp-json\/wp\/v2\/product\/38065\/revisions"}],"predecessor-version":[{"id":38413,"href":"https:\/\/chefsouad.com\/ar\/wp-json\/wp\/v2\/product\/38065\/revisions\/38413"}],"wp:featuredmedia":[{"embeddable":true,"href":"https:\/\/chefsouad.com\/ar\/wp-json\/wp\/v2\/media\/38118"}],"wp:attachment":[{"href":"https:\/\/chefsouad.com\/ar\/wp-json\/wp\/v2\/media?parent=38065"}],"wp:term":[{"taxonomy":"product_brand","embeddable":true,"href":"https:\/\/chefsouad.com\/ar\/wp-json\/wp\/v2\/product_brand?post=38065"},{"taxonomy":"product_cat","embeddable":true,"href":"https:\/\/chefsouad.com\/ar\/wp-json\/wp\/v2\/product_cat?post=38065"},{"taxonomy":"product_tag","embeddable":true,"href":"https:\/\/chefsouad.com\/ar\/wp-json\/wp\/v2\/product_tag?post=38065"}],"curies":[{"name":"wp","href":"https:\/\/api.w.org\/{rel}","templated":true}]}}