{"id":38057,"date":"2025-12-15T22:31:04","date_gmt":"2025-12-15T21:31:04","guid":{"rendered":"https:\/\/chefsouad.com\/product\/%d8%a8%d8%b1%d9%8a%d9%88%d8%a7%d8%aa-%d8%a7%d9%84%d8%af%d8%ac%d8%a7%d8%ac-%d9%88%d8%a7%d9%84%d8%b2%d9%8a%d8%aa%d9%88%d9%86\/"},"modified":"2026-02-11T14:25:02","modified_gmt":"2026-02-11T13:25:02","slug":"%d8%a8%d8%b1%d9%8a%d9%88%d8%a7%d8%aa-%d8%a7%d9%84%d8%af%d8%ac%d8%a7%d8%ac-%d9%88%d8%a7%d9%84%d8%b2%d9%8a%d8%aa%d9%88%d9%86","status":"publish","type":"product","link":"https:\/\/chefsouad.com\/ar\/product\/%d8%a8%d8%b1%d9%8a%d9%88%d8%a7%d8%aa-%d8%a7%d9%84%d8%af%d8%ac%d8%a7%d8%ac-%d9%88%d8%a7%d9%84%d8%b2%d9%8a%d8%aa%d9%88%d9%86\/","title":{"rendered":"Briouates Poulet &#038; Olives"},"content":{"rendered":"<p><span style=\"font-weight: 400;\">Une alliance savoureuse entre la tendresse du poulet et le peps des olives. Le choix id\u00e9al pour vos r\u00e9ceptions ou pour un petit plaisir gourmand \u00e0 tout moment de la journ\u00e9e.<\/span><\/p>","protected":false},"excerpt":{"rendered":"<p>Une alliance savoureuse entre la tendresse du poulet et le peps des olives. Le choix id\u00e9al pour vos r\u00e9ceptions ou<\/p>","protected":false},"featured_media":38309,"comment_status":"open","ping_status":"closed","template":"","meta":[],"product_brand":[],"product_cat":[163],"product_tag":[],"class_list":{"0":"post-38057","1":"product","2":"type-product","3":"status-publish","4":"has-post-thumbnail","6":"product_cat-sales-patisseries","8":"first","9":"instock","10":"shipping-taxable","11":"purchasable","12":"product-type-simple"},"_links":{"self":[{"href":"https:\/\/chefsouad.com\/ar\/wp-json\/wp\/v2\/product\/38057","targetHints":{"allow":["GET"]}}],"collection":[{"href":"https:\/\/chefsouad.com\/ar\/wp-json\/wp\/v2\/product"}],"about":[{"href":"https:\/\/chefsouad.com\/ar\/wp-json\/wp\/v2\/types\/product"}],"replies":[{"embeddable":true,"href":"https:\/\/chefsouad.com\/ar\/wp-json\/wp\/v2\/comments?post=38057"}],"version-history":[{"count":4,"href":"https:\/\/chefsouad.com\/ar\/wp-json\/wp\/v2\/product\/38057\/revisions"}],"predecessor-version":[{"id":38416,"href":"https:\/\/chefsouad.com\/ar\/wp-json\/wp\/v2\/product\/38057\/revisions\/38416"}],"wp:featuredmedia":[{"embeddable":true,"href":"https:\/\/chefsouad.com\/ar\/wp-json\/wp\/v2\/media\/38309"}],"wp:attachment":[{"href":"https:\/\/chefsouad.com\/ar\/wp-json\/wp\/v2\/media?parent=38057"}],"wp:term":[{"taxonomy":"product_brand","embeddable":true,"href":"https:\/\/chefsouad.com\/ar\/wp-json\/wp\/v2\/product_brand?post=38057"},{"taxonomy":"product_cat","embeddable":true,"href":"https:\/\/chefsouad.com\/ar\/wp-json\/wp\/v2\/product_cat?post=38057"},{"taxonomy":"product_tag","embeddable":true,"href":"https:\/\/chefsouad.com\/ar\/wp-json\/wp\/v2\/product_tag?post=38057"}],"curies":[{"name":"wp","href":"https:\/\/api.w.org\/{rel}","templated":true}]}}