{"id":38032,"date":"2025-12-15T22:31:03","date_gmt":"2025-12-15T21:31:03","guid":{"rendered":"https:\/\/chefsouad.com\/?post_type=product&#038;p=38032"},"modified":"2026-02-11T14:25:38","modified_gmt":"2026-02-11T13:25:38","slug":"%d8%b5%d8%a7%d8%a8%d9%84%d9%8a-%d8%a8%d8%a7%d9%84%d9%84%d9%88%d8%b2-1kg","status":"publish","type":"product","link":"https:\/\/chefsouad.com\/ar\/product\/%d8%b5%d8%a7%d8%a8%d9%84%d9%8a-%d8%a8%d8%a7%d9%84%d9%84%d9%88%d8%b2-1kg\/","title":{"rendered":"(1KG) | Sabl\u00e9 aux Amandes"},"content":{"rendered":"<p><span style=\"font-weight: 400;\">Un sabl\u00e9 raffin\u00e9, alliant la douceur du beurre \u00e0 la richesse des amandes. Une texture fondante et un d\u00e9cor soign\u00e9, parfaits pour vos c\u00e9r\u00e9monies ou une pause th\u00e9 d\u2019exception.<\/span><\/p>","protected":false},"excerpt":{"rendered":"<p>Un sabl\u00e9 raffin\u00e9, alliant la douceur du beurre \u00e0 la richesse des amandes. Une texture fondante et un d\u00e9cor soign\u00e9,<\/p>","protected":false},"featured_media":38398,"comment_status":"open","ping_status":"closed","template":"","meta":[],"product_brand":[],"product_cat":[163],"product_tag":[],"class_list":{"0":"post-38032","1":"product","2":"type-product","3":"status-publish","4":"has-post-thumbnail","6":"product_cat-sales-patisseries","8":"first","9":"instock","10":"shipping-taxable","11":"purchasable","12":"product-type-simple"},"_links":{"self":[{"href":"https:\/\/chefsouad.com\/ar\/wp-json\/wp\/v2\/product\/38032","targetHints":{"allow":["GET"]}}],"collection":[{"href":"https:\/\/chefsouad.com\/ar\/wp-json\/wp\/v2\/product"}],"about":[{"href":"https:\/\/chefsouad.com\/ar\/wp-json\/wp\/v2\/types\/product"}],"replies":[{"embeddable":true,"href":"https:\/\/chefsouad.com\/ar\/wp-json\/wp\/v2\/comments?post=38032"}],"version-history":[{"count":5,"href":"https:\/\/chefsouad.com\/ar\/wp-json\/wp\/v2\/product\/38032\/revisions"}],"predecessor-version":[{"id":38418,"href":"https:\/\/chefsouad.com\/ar\/wp-json\/wp\/v2\/product\/38032\/revisions\/38418"}],"wp:featuredmedia":[{"embeddable":true,"href":"https:\/\/chefsouad.com\/ar\/wp-json\/wp\/v2\/media\/38398"}],"wp:attachment":[{"href":"https:\/\/chefsouad.com\/ar\/wp-json\/wp\/v2\/media?parent=38032"}],"wp:term":[{"taxonomy":"product_brand","embeddable":true,"href":"https:\/\/chefsouad.com\/ar\/wp-json\/wp\/v2\/product_brand?post=38032"},{"taxonomy":"product_cat","embeddable":true,"href":"https:\/\/chefsouad.com\/ar\/wp-json\/wp\/v2\/product_cat?post=38032"},{"taxonomy":"product_tag","embeddable":true,"href":"https:\/\/chefsouad.com\/ar\/wp-json\/wp\/v2\/product_tag?post=38032"}],"curies":[{"name":"wp","href":"https:\/\/api.w.org\/{rel}","templated":true}]}}