{"id":38030,"date":"2025-12-15T22:31:02","date_gmt":"2025-12-15T21:31:02","guid":{"rendered":"https:\/\/chefsouad.com\/?post_type=product&#038;p=38030"},"modified":"2026-02-11T14:29:06","modified_gmt":"2026-02-11T13:29:06","slug":"%d8%a8%d8%b1%d9%8a%d9%88%d8%a7%d8%aa-%d8%a7%d9%84%d9%84%d9%88%d8%b2-1kg","status":"publish","type":"product","link":"https:\/\/chefsouad.com\/ar\/product\/%d8%a8%d8%b1%d9%8a%d9%88%d8%a7%d8%aa-%d8%a7%d9%84%d9%84%d9%88%d8%b2-1kg\/","title":{"rendered":"Briouates aux Amandes"},"content":{"rendered":"<p><span style=\"font-weight: 400;\">Le plaisir croquant d&rsquo;un c\u0153ur d&rsquo;amandes parfum\u00e9, envelopp\u00e9 d&rsquo;une dorure au miel pur.<\/span><\/p>","protected":false},"excerpt":{"rendered":"<p>Le plaisir croquant d&rsquo;un c\u0153ur d&rsquo;amandes parfum\u00e9, envelopp\u00e9 d&rsquo;une dorure au miel pur.<\/p>","protected":false},"featured_media":38338,"comment_status":"open","ping_status":"closed","template":"","meta":[],"product_brand":[],"product_cat":[163],"product_tag":[],"class_list":{"0":"post-38030","1":"product","2":"type-product","3":"status-publish","4":"has-post-thumbnail","6":"product_cat-sales-patisseries","8":"first","9":"instock","10":"shipping-taxable","11":"purchasable","12":"product-type-simple"},"_links":{"self":[{"href":"https:\/\/chefsouad.com\/ar\/wp-json\/wp\/v2\/product\/38030","targetHints":{"allow":["GET"]}}],"collection":[{"href":"https:\/\/chefsouad.com\/ar\/wp-json\/wp\/v2\/product"}],"about":[{"href":"https:\/\/chefsouad.com\/ar\/wp-json\/wp\/v2\/types\/product"}],"replies":[{"embeddable":true,"href":"https:\/\/chefsouad.com\/ar\/wp-json\/wp\/v2\/comments?post=38030"}],"version-history":[{"count":5,"href":"https:\/\/chefsouad.com\/ar\/wp-json\/wp\/v2\/product\/38030\/revisions"}],"predecessor-version":[{"id":38430,"href":"https:\/\/chefsouad.com\/ar\/wp-json\/wp\/v2\/product\/38030\/revisions\/38430"}],"wp:featuredmedia":[{"embeddable":true,"href":"https:\/\/chefsouad.com\/ar\/wp-json\/wp\/v2\/media\/38338"}],"wp:attachment":[{"href":"https:\/\/chefsouad.com\/ar\/wp-json\/wp\/v2\/media?parent=38030"}],"wp:term":[{"taxonomy":"product_brand","embeddable":true,"href":"https:\/\/chefsouad.com\/ar\/wp-json\/wp\/v2\/product_brand?post=38030"},{"taxonomy":"product_cat","embeddable":true,"href":"https:\/\/chefsouad.com\/ar\/wp-json\/wp\/v2\/product_cat?post=38030"},{"taxonomy":"product_tag","embeddable":true,"href":"https:\/\/chefsouad.com\/ar\/wp-json\/wp\/v2\/product_tag?post=38030"}],"curies":[{"name":"wp","href":"https:\/\/api.w.org\/{rel}","templated":true}]}}