{"id":38029,"date":"2025-12-15T22:31:02","date_gmt":"2025-12-15T21:31:02","guid":{"rendered":"https:\/\/chefsouad.com\/?post_type=product&#038;p=38029"},"modified":"2026-02-11T13:30:58","modified_gmt":"2026-02-11T12:30:58","slug":"briouates-a-la-viande-hachee","status":"publish","type":"product","link":"https:\/\/chefsouad.com\/ar\/product\/briouates-a-la-viande-hachee\/","title":{"rendered":"Briouates \u00e0 la Viande Hach\u00e9e"},"content":{"rendered":"<p><span style=\"font-weight: 400;\">Le plaisir croustillant d&rsquo;une farce savoureuse \u00e0 la viande hach\u00e9e et aux \u00e9pices parfum\u00e9es.<\/span><\/p>","protected":false},"excerpt":{"rendered":"<p>Le plaisir croustillant d&rsquo;une farce savoureuse \u00e0 la viande hach\u00e9e et aux \u00e9pices parfum\u00e9es.<\/p>","protected":false},"featured_media":38328,"comment_status":"open","ping_status":"closed","template":"","meta":[],"product_brand":[],"product_cat":[163],"product_tag":[],"class_list":{"0":"post-38029","1":"product","2":"type-product","3":"status-publish","4":"has-post-thumbnail","6":"product_cat-sales-patisseries","8":"first","9":"instock","10":"shipping-taxable","11":"purchasable","12":"product-type-simple"},"_links":{"self":[{"href":"https:\/\/chefsouad.com\/ar\/wp-json\/wp\/v2\/product\/38029","targetHints":{"allow":["GET"]}}],"collection":[{"href":"https:\/\/chefsouad.com\/ar\/wp-json\/wp\/v2\/product"}],"about":[{"href":"https:\/\/chefsouad.com\/ar\/wp-json\/wp\/v2\/types\/product"}],"replies":[{"embeddable":true,"href":"https:\/\/chefsouad.com\/ar\/wp-json\/wp\/v2\/comments?post=38029"}],"version-history":[{"count":4,"href":"https:\/\/chefsouad.com\/ar\/wp-json\/wp\/v2\/product\/38029\/revisions"}],"predecessor-version":[{"id":38378,"href":"https:\/\/chefsouad.com\/ar\/wp-json\/wp\/v2\/product\/38029\/revisions\/38378"}],"wp:featuredmedia":[{"embeddable":true,"href":"https:\/\/chefsouad.com\/ar\/wp-json\/wp\/v2\/media\/38328"}],"wp:attachment":[{"href":"https:\/\/chefsouad.com\/ar\/wp-json\/wp\/v2\/media?parent=38029"}],"wp:term":[{"taxonomy":"product_brand","embeddable":true,"href":"https:\/\/chefsouad.com\/ar\/wp-json\/wp\/v2\/product_brand?post=38029"},{"taxonomy":"product_cat","embeddable":true,"href":"https:\/\/chefsouad.com\/ar\/wp-json\/wp\/v2\/product_cat?post=38029"},{"taxonomy":"product_tag","embeddable":true,"href":"https:\/\/chefsouad.com\/ar\/wp-json\/wp\/v2\/product_tag?post=38029"}],"curies":[{"name":"wp","href":"https:\/\/api.w.org\/{rel}","templated":true}]}}