{"id":38028,"date":"2025-12-15T22:31:02","date_gmt":"2025-12-15T21:31:02","guid":{"rendered":"https:\/\/chefsouad.com\/?post_type=product&#038;p=38028"},"modified":"2026-02-11T13:32:21","modified_gmt":"2026-02-11T12:32:21","slug":"mini-pizza-a-la-viande-hachee","status":"publish","type":"product","link":"https:\/\/chefsouad.com\/ar\/product\/mini-pizza-a-la-viande-hachee\/","title":{"rendered":"Mini Pizza \u00e0 la Viande Hach\u00e9e"},"content":{"rendered":"<p><span style=\"font-weight: 400;\">Une bouch\u00e9e gourmande alliant une p\u00e2te moelleuse et une garniture savoureuse \u00e0 la viande hach\u00e9e.<\/span><\/p>","protected":false},"excerpt":{"rendered":"<p>Une bouch\u00e9e gourmande alliant une p\u00e2te moelleuse et une garniture savoureuse \u00e0 la viande hach\u00e9e.<\/p>","protected":false},"featured_media":38329,"comment_status":"open","ping_status":"closed","template":"","meta":[],"product_brand":[],"product_cat":[163],"product_tag":[],"class_list":{"0":"post-38028","1":"product","2":"type-product","3":"status-publish","4":"has-post-thumbnail","6":"product_cat-sales-patisseries","8":"first","9":"instock","10":"shipping-taxable","11":"purchasable","12":"product-type-simple"},"_links":{"self":[{"href":"https:\/\/chefsouad.com\/ar\/wp-json\/wp\/v2\/product\/38028","targetHints":{"allow":["GET"]}}],"collection":[{"href":"https:\/\/chefsouad.com\/ar\/wp-json\/wp\/v2\/product"}],"about":[{"href":"https:\/\/chefsouad.com\/ar\/wp-json\/wp\/v2\/types\/product"}],"replies":[{"embeddable":true,"href":"https:\/\/chefsouad.com\/ar\/wp-json\/wp\/v2\/comments?post=38028"}],"version-history":[{"count":3,"href":"https:\/\/chefsouad.com\/ar\/wp-json\/wp\/v2\/product\/38028\/revisions"}],"predecessor-version":[{"id":38379,"href":"https:\/\/chefsouad.com\/ar\/wp-json\/wp\/v2\/product\/38028\/revisions\/38379"}],"wp:featuredmedia":[{"embeddable":true,"href":"https:\/\/chefsouad.com\/ar\/wp-json\/wp\/v2\/media\/38329"}],"wp:attachment":[{"href":"https:\/\/chefsouad.com\/ar\/wp-json\/wp\/v2\/media?parent=38028"}],"wp:term":[{"taxonomy":"product_brand","embeddable":true,"href":"https:\/\/chefsouad.com\/ar\/wp-json\/wp\/v2\/product_brand?post=38028"},{"taxonomy":"product_cat","embeddable":true,"href":"https:\/\/chefsouad.com\/ar\/wp-json\/wp\/v2\/product_cat?post=38028"},{"taxonomy":"product_tag","embeddable":true,"href":"https:\/\/chefsouad.com\/ar\/wp-json\/wp\/v2\/product_tag?post=38028"}],"curies":[{"name":"wp","href":"https:\/\/api.w.org\/{rel}","templated":true}]}}