{"id":38026,"date":"2025-12-15T22:31:02","date_gmt":"2025-12-15T21:31:02","guid":{"rendered":"https:\/\/chefsouad.com\/?post_type=product&#038;p=38026"},"modified":"2026-02-11T13:34:46","modified_gmt":"2026-02-11T12:34:46","slug":"mini-quiches-au-poulet","status":"publish","type":"product","link":"https:\/\/chefsouad.com\/ar\/product\/mini-quiches-au-poulet\/","title":{"rendered":"Mini Quiches au Poulet"},"content":{"rendered":"<p><span style=\"font-weight: 400;\">Une bouch\u00e9e fondante et d\u00e9licate avec une cr\u00e8me onctueuse et des morceaux de poulet tendres.<\/span><\/p>","protected":false},"excerpt":{"rendered":"<p>Une bouch\u00e9e fondante et d\u00e9licate avec une cr\u00e8me onctueuse et des morceaux de poulet tendres.<\/p>","protected":false},"featured_media":38320,"comment_status":"open","ping_status":"closed","template":"","meta":[],"product_brand":[],"product_cat":[163],"product_tag":[],"class_list":{"0":"post-38026","1":"product","2":"type-product","3":"status-publish","4":"has-post-thumbnail","6":"product_cat-sales-patisseries","8":"first","9":"instock","10":"shipping-taxable","11":"purchasable","12":"product-type-simple"},"_links":{"self":[{"href":"https:\/\/chefsouad.com\/ar\/wp-json\/wp\/v2\/product\/38026","targetHints":{"allow":["GET"]}}],"collection":[{"href":"https:\/\/chefsouad.com\/ar\/wp-json\/wp\/v2\/product"}],"about":[{"href":"https:\/\/chefsouad.com\/ar\/wp-json\/wp\/v2\/types\/product"}],"replies":[{"embeddable":true,"href":"https:\/\/chefsouad.com\/ar\/wp-json\/wp\/v2\/comments?post=38026"}],"version-history":[{"count":4,"href":"https:\/\/chefsouad.com\/ar\/wp-json\/wp\/v2\/product\/38026\/revisions"}],"predecessor-version":[{"id":38428,"href":"https:\/\/chefsouad.com\/ar\/wp-json\/wp\/v2\/product\/38026\/revisions\/38428"}],"wp:featuredmedia":[{"embeddable":true,"href":"https:\/\/chefsouad.com\/ar\/wp-json\/wp\/v2\/media\/38320"}],"wp:attachment":[{"href":"https:\/\/chefsouad.com\/ar\/wp-json\/wp\/v2\/media?parent=38026"}],"wp:term":[{"taxonomy":"product_brand","embeddable":true,"href":"https:\/\/chefsouad.com\/ar\/wp-json\/wp\/v2\/product_brand?post=38026"},{"taxonomy":"product_cat","embeddable":true,"href":"https:\/\/chefsouad.com\/ar\/wp-json\/wp\/v2\/product_cat?post=38026"},{"taxonomy":"product_tag","embeddable":true,"href":"https:\/\/chefsouad.com\/ar\/wp-json\/wp\/v2\/product_tag?post=38026"}],"curies":[{"name":"wp","href":"https:\/\/api.w.org\/{rel}","templated":true}]}}