{"id":38025,"date":"2025-12-15T22:31:02","date_gmt":"2025-12-15T21:31:02","guid":{"rendered":"https:\/\/chefsouad.com\/?post_type=product&#038;p=38025"},"modified":"2026-02-11T13:33:09","modified_gmt":"2026-02-11T12:33:09","slug":"mini-pizza-au-thon","status":"publish","type":"product","link":"https:\/\/chefsouad.com\/ar\/product\/mini-pizza-au-thon\/","title":{"rendered":"Mini Pizza au Thon"},"content":{"rendered":"<p><span style=\"font-weight: 400;\">Une escale gourmande alliant la fra\u00eecheur du thon \u00e0 une sauce tomate savoureuse sur une p\u00e2te l\u00e9g\u00e8re.<\/span><\/p>","protected":false},"excerpt":{"rendered":"<p>Une escale gourmande alliant la fra\u00eecheur du thon \u00e0 une sauce tomate savoureuse sur une p\u00e2te l\u00e9g\u00e8re.<\/p>","protected":false},"featured_media":38312,"comment_status":"open","ping_status":"closed","template":"","meta":[],"product_brand":[],"product_cat":[163],"product_tag":[],"class_list":{"0":"post-38025","1":"product","2":"type-product","3":"status-publish","4":"has-post-thumbnail","6":"product_cat-sales-patisseries","8":"first","9":"instock","10":"shipping-taxable","11":"purchasable","12":"product-type-simple"},"_links":{"self":[{"href":"https:\/\/chefsouad.com\/ar\/wp-json\/wp\/v2\/product\/38025","targetHints":{"allow":["GET"]}}],"collection":[{"href":"https:\/\/chefsouad.com\/ar\/wp-json\/wp\/v2\/product"}],"about":[{"href":"https:\/\/chefsouad.com\/ar\/wp-json\/wp\/v2\/types\/product"}],"replies":[{"embeddable":true,"href":"https:\/\/chefsouad.com\/ar\/wp-json\/wp\/v2\/comments?post=38025"}],"version-history":[{"count":4,"href":"https:\/\/chefsouad.com\/ar\/wp-json\/wp\/v2\/product\/38025\/revisions"}],"predecessor-version":[{"id":38380,"href":"https:\/\/chefsouad.com\/ar\/wp-json\/wp\/v2\/product\/38025\/revisions\/38380"}],"wp:featuredmedia":[{"embeddable":true,"href":"https:\/\/chefsouad.com\/ar\/wp-json\/wp\/v2\/media\/38312"}],"wp:attachment":[{"href":"https:\/\/chefsouad.com\/ar\/wp-json\/wp\/v2\/media?parent=38025"}],"wp:term":[{"taxonomy":"product_brand","embeddable":true,"href":"https:\/\/chefsouad.com\/ar\/wp-json\/wp\/v2\/product_brand?post=38025"},{"taxonomy":"product_cat","embeddable":true,"href":"https:\/\/chefsouad.com\/ar\/wp-json\/wp\/v2\/product_cat?post=38025"},{"taxonomy":"product_tag","embeddable":true,"href":"https:\/\/chefsouad.com\/ar\/wp-json\/wp\/v2\/product_tag?post=38025"}],"curies":[{"name":"wp","href":"https:\/\/api.w.org\/{rel}","templated":true}]}}