{"id":38024,"date":"2025-12-15T22:31:02","date_gmt":"2025-12-15T21:31:02","guid":{"rendered":"https:\/\/chefsouad.com\/?post_type=product&#038;p=38024"},"modified":"2026-02-11T14:28:08","modified_gmt":"2026-02-11T13:28:08","slug":"mini-quiches-fromage-epinards","status":"publish","type":"product","link":"https:\/\/chefsouad.com\/ar\/product\/mini-quiches-fromage-epinards\/","title":{"rendered":"Mini Quiches Fromage &#038; \u00c9pinards"},"content":{"rendered":"<p><span style=\"font-weight: 400;\">L\u2019\u00e9quilibre parfait entre la douceur du fromage fondu et la fra\u00eecheur des \u00e9pinards dans une p\u00e2te croustillante.<\/span><\/p>","protected":false},"excerpt":{"rendered":"<p>L\u2019\u00e9quilibre parfait entre la douceur du fromage fondu et la fra\u00eecheur des \u00e9pinards dans une p\u00e2te croustillante.<\/p>","protected":false},"featured_media":38320,"comment_status":"open","ping_status":"closed","template":"","meta":[],"product_brand":[],"product_cat":[163],"product_tag":[],"class_list":{"0":"post-38024","1":"product","2":"type-product","3":"status-publish","4":"has-post-thumbnail","6":"product_cat-sales-patisseries","8":"first","9":"instock","10":"shipping-taxable","11":"purchasable","12":"product-type-simple"},"_links":{"self":[{"href":"https:\/\/chefsouad.com\/ar\/wp-json\/wp\/v2\/product\/38024","targetHints":{"allow":["GET"]}}],"collection":[{"href":"https:\/\/chefsouad.com\/ar\/wp-json\/wp\/v2\/product"}],"about":[{"href":"https:\/\/chefsouad.com\/ar\/wp-json\/wp\/v2\/types\/product"}],"replies":[{"embeddable":true,"href":"https:\/\/chefsouad.com\/ar\/wp-json\/wp\/v2\/comments?post=38024"}],"version-history":[{"count":4,"href":"https:\/\/chefsouad.com\/ar\/wp-json\/wp\/v2\/product\/38024\/revisions"}],"predecessor-version":[{"id":38427,"href":"https:\/\/chefsouad.com\/ar\/wp-json\/wp\/v2\/product\/38024\/revisions\/38427"}],"wp:featuredmedia":[{"embeddable":true,"href":"https:\/\/chefsouad.com\/ar\/wp-json\/wp\/v2\/media\/38320"}],"wp:attachment":[{"href":"https:\/\/chefsouad.com\/ar\/wp-json\/wp\/v2\/media?parent=38024"}],"wp:term":[{"taxonomy":"product_brand","embeddable":true,"href":"https:\/\/chefsouad.com\/ar\/wp-json\/wp\/v2\/product_brand?post=38024"},{"taxonomy":"product_cat","embeddable":true,"href":"https:\/\/chefsouad.com\/ar\/wp-json\/wp\/v2\/product_cat?post=38024"},{"taxonomy":"product_tag","embeddable":true,"href":"https:\/\/chefsouad.com\/ar\/wp-json\/wp\/v2\/product_tag?post=38024"}],"curies":[{"name":"wp","href":"https:\/\/api.w.org\/{rel}","templated":true}]}}