{"id":38022,"date":"2025-12-15T22:31:02","date_gmt":"2025-12-15T21:31:02","guid":{"rendered":"https:\/\/chefsouad.com\/?post_type=product&#038;p=38022"},"modified":"2026-02-11T13:38:22","modified_gmt":"2026-02-11T12:38:22","slug":"cigares-au-poisson","status":"publish","type":"product","link":"https:\/\/chefsouad.com\/ar\/product\/cigares-au-poisson\/","title":{"rendered":"Cigares au Poisson"},"content":{"rendered":"<p><span style=\"font-weight: 400;\">Le go\u00fbt authentique de la mer dans un rouleau croustillant et d\u00e9licatement \u00e9pic\u00e9.<\/span><\/p>","protected":false},"excerpt":{"rendered":"<p>Le go\u00fbt authentique de la mer dans un rouleau croustillant et d\u00e9licatement \u00e9pic\u00e9.<\/p>","protected":false},"featured_media":38335,"comment_status":"open","ping_status":"closed","template":"","meta":[],"product_brand":[],"product_cat":[163],"product_tag":[],"class_list":{"0":"post-38022","1":"product","2":"type-product","3":"status-publish","4":"has-post-thumbnail","6":"product_cat-sales-patisseries","8":"first","9":"instock","10":"shipping-taxable","11":"purchasable","12":"product-type-simple"},"_links":{"self":[{"href":"https:\/\/chefsouad.com\/ar\/wp-json\/wp\/v2\/product\/38022","targetHints":{"allow":["GET"]}}],"collection":[{"href":"https:\/\/chefsouad.com\/ar\/wp-json\/wp\/v2\/product"}],"about":[{"href":"https:\/\/chefsouad.com\/ar\/wp-json\/wp\/v2\/types\/product"}],"replies":[{"embeddable":true,"href":"https:\/\/chefsouad.com\/ar\/wp-json\/wp\/v2\/comments?post=38022"}],"version-history":[{"count":3,"href":"https:\/\/chefsouad.com\/ar\/wp-json\/wp\/v2\/product\/38022\/revisions"}],"predecessor-version":[{"id":38384,"href":"https:\/\/chefsouad.com\/ar\/wp-json\/wp\/v2\/product\/38022\/revisions\/38384"}],"wp:featuredmedia":[{"embeddable":true,"href":"https:\/\/chefsouad.com\/ar\/wp-json\/wp\/v2\/media\/38335"}],"wp:attachment":[{"href":"https:\/\/chefsouad.com\/ar\/wp-json\/wp\/v2\/media?parent=38022"}],"wp:term":[{"taxonomy":"product_brand","embeddable":true,"href":"https:\/\/chefsouad.com\/ar\/wp-json\/wp\/v2\/product_brand?post=38022"},{"taxonomy":"product_cat","embeddable":true,"href":"https:\/\/chefsouad.com\/ar\/wp-json\/wp\/v2\/product_cat?post=38022"},{"taxonomy":"product_tag","embeddable":true,"href":"https:\/\/chefsouad.com\/ar\/wp-json\/wp\/v2\/product_tag?post=38022"}],"curies":[{"name":"wp","href":"https:\/\/api.w.org\/{rel}","templated":true}]}}