{"id":38020,"date":"2025-12-15T22:31:02","date_gmt":"2025-12-15T21:31:02","guid":{"rendered":"https:\/\/chefsouad.com\/?post_type=product&#038;p=38020"},"modified":"2026-02-11T14:27:29","modified_gmt":"2026-02-11T13:27:29","slug":"salades-pecheure","status":"publish","type":"product","link":"https:\/\/chefsouad.com\/ar\/product\/salades-pecheure\/","title":{"rendered":"Salade du P\u00eacheur Royale"},"content":{"rendered":"<p><span style=\"font-weight: 400;\">Un m\u00e9lange g\u00e9n\u00e9reux de fruits de mer s\u00e9lectionn\u00e9s et de crudit\u00e9s croquantes, assaisonn\u00e9s avec finesse. Une entr\u00e9e royale, fra\u00eeche et \u00e9l\u00e9gante.<\/span><\/p>","protected":false},"excerpt":{"rendered":"<p>Un m\u00e9lange g\u00e9n\u00e9reux de fruits de mer s\u00e9lectionn\u00e9s et de crudit\u00e9s croquantes, assaisonn\u00e9s avec finesse. Une entr\u00e9e royale, fra\u00eeche et<\/p>","protected":false},"featured_media":38115,"comment_status":"open","ping_status":"closed","template":"","meta":[],"product_brand":[],"product_cat":[162],"product_tag":[],"class_list":{"0":"post-38020","1":"product","2":"type-product","3":"status-publish","4":"has-post-thumbnail","6":"product_cat-plats-de-reception","8":"first","9":"instock","10":"shipping-taxable","11":"purchasable","12":"product-type-simple"},"_links":{"self":[{"href":"https:\/\/chefsouad.com\/ar\/wp-json\/wp\/v2\/product\/38020","targetHints":{"allow":["GET"]}}],"collection":[{"href":"https:\/\/chefsouad.com\/ar\/wp-json\/wp\/v2\/product"}],"about":[{"href":"https:\/\/chefsouad.com\/ar\/wp-json\/wp\/v2\/types\/product"}],"replies":[{"embeddable":true,"href":"https:\/\/chefsouad.com\/ar\/wp-json\/wp\/v2\/comments?post=38020"}],"version-history":[{"count":5,"href":"https:\/\/chefsouad.com\/ar\/wp-json\/wp\/v2\/product\/38020\/revisions"}],"predecessor-version":[{"id":38425,"href":"https:\/\/chefsouad.com\/ar\/wp-json\/wp\/v2\/product\/38020\/revisions\/38425"}],"wp:featuredmedia":[{"embeddable":true,"href":"https:\/\/chefsouad.com\/ar\/wp-json\/wp\/v2\/media\/38115"}],"wp:attachment":[{"href":"https:\/\/chefsouad.com\/ar\/wp-json\/wp\/v2\/media?parent=38020"}],"wp:term":[{"taxonomy":"product_brand","embeddable":true,"href":"https:\/\/chefsouad.com\/ar\/wp-json\/wp\/v2\/product_brand?post=38020"},{"taxonomy":"product_cat","embeddable":true,"href":"https:\/\/chefsouad.com\/ar\/wp-json\/wp\/v2\/product_cat?post=38020"},{"taxonomy":"product_tag","embeddable":true,"href":"https:\/\/chefsouad.com\/ar\/wp-json\/wp\/v2\/product_tag?post=38020"}],"curies":[{"name":"wp","href":"https:\/\/api.w.org\/{rel}","templated":true}]}}