{"id":38019,"date":"2025-12-15T22:31:02","date_gmt":"2025-12-15T21:31:02","guid":{"rendered":"https:\/\/chefsouad.com\/?post_type=product&#038;p=38019"},"modified":"2026-02-11T13:42:01","modified_gmt":"2026-02-11T12:42:01","slug":"%d8%b1%d9%81%d9%8a%d8%b3%d8%a9-%d8%a8%d8%b1%d8%b3%d8%aa%d9%8a%d8%ac","status":"publish","type":"product","link":"https:\/\/chefsouad.com\/ar\/product\/%d8%b1%d9%81%d9%8a%d8%b3%d8%a9-%d8%a8%d8%b1%d8%b3%d8%aa%d9%8a%d8%ac\/","title":{"rendered":"Rfissa Prestige"},"content":{"rendered":"<p><span style=\"font-weight: 400;\">Le prestige de la tradition marocaine revisit\u00e9 avec \u00e9l\u00e9gance et g\u00e9n\u00e9rosit\u00e9.<\/span><\/p>","protected":false},"excerpt":{"rendered":"<p>Le prestige de la tradition marocaine revisit\u00e9 avec \u00e9l\u00e9gance et g\u00e9n\u00e9rosit\u00e9.<\/p>","protected":false},"featured_media":38126,"comment_status":"open","ping_status":"closed","template":"","meta":[],"product_brand":[],"product_cat":[162],"product_tag":[],"class_list":{"0":"post-38019","1":"product","2":"type-product","3":"status-publish","4":"has-post-thumbnail","6":"product_cat-plats-de-reception","8":"first","9":"instock","10":"shipping-taxable","11":"purchasable","12":"product-type-simple"},"_links":{"self":[{"href":"https:\/\/chefsouad.com\/ar\/wp-json\/wp\/v2\/product\/38019","targetHints":{"allow":["GET"]}}],"collection":[{"href":"https:\/\/chefsouad.com\/ar\/wp-json\/wp\/v2\/product"}],"about":[{"href":"https:\/\/chefsouad.com\/ar\/wp-json\/wp\/v2\/types\/product"}],"replies":[{"embeddable":true,"href":"https:\/\/chefsouad.com\/ar\/wp-json\/wp\/v2\/comments?post=38019"}],"version-history":[{"count":3,"href":"https:\/\/chefsouad.com\/ar\/wp-json\/wp\/v2\/product\/38019\/revisions"}],"predecessor-version":[{"id":38423,"href":"https:\/\/chefsouad.com\/ar\/wp-json\/wp\/v2\/product\/38019\/revisions\/38423"}],"wp:featuredmedia":[{"embeddable":true,"href":"https:\/\/chefsouad.com\/ar\/wp-json\/wp\/v2\/media\/38126"}],"wp:attachment":[{"href":"https:\/\/chefsouad.com\/ar\/wp-json\/wp\/v2\/media?parent=38019"}],"wp:term":[{"taxonomy":"product_brand","embeddable":true,"href":"https:\/\/chefsouad.com\/ar\/wp-json\/wp\/v2\/product_brand?post=38019"},{"taxonomy":"product_cat","embeddable":true,"href":"https:\/\/chefsouad.com\/ar\/wp-json\/wp\/v2\/product_cat?post=38019"},{"taxonomy":"product_tag","embeddable":true,"href":"https:\/\/chefsouad.com\/ar\/wp-json\/wp\/v2\/product_tag?post=38019"}],"curies":[{"name":"wp","href":"https:\/\/api.w.org\/{rel}","templated":true}]}}