{"id":38018,"date":"2025-12-15T22:31:02","date_gmt":"2025-12-15T21:31:02","guid":{"rendered":"https:\/\/chefsouad.com\/?post_type=product&#038;p=38018"},"modified":"2026-02-11T13:25:21","modified_gmt":"2026-02-11T12:25:21","slug":"%d8%af%d9%8a%d8%b3%d9%8a%d8%b1-%d8%a8%d8%b1%d8%b3%d8%aa%d9%8a%d8%ac","status":"publish","type":"product","link":"https:\/\/chefsouad.com\/ar\/product\/%d8%af%d9%8a%d8%b3%d9%8a%d8%b1-%d8%a8%d8%b1%d8%b3%d8%aa%d9%8a%d8%ac\/","title":{"rendered":"Dessert Prestige"},"content":{"rendered":"<p><span style=\"font-weight: 400;\">Une composition artistique de fruits de saison s\u00e9lectionn\u00e9s et de douceurs raffin\u00e9es, pr\u00e9sent\u00e9e avec un soin exceptionnel. Un dessert majestueux qui allie fra\u00eecheur et luxe pour cl\u00f4turer vos repas de f\u00eate en beaut\u00e9.<\/span><\/p>","protected":false},"excerpt":{"rendered":"<p>Une composition artistique de fruits de saison s\u00e9lectionn\u00e9s et de douceurs raffin\u00e9es, pr\u00e9sent\u00e9e avec un soin exceptionnel. Un dessert majestueux<\/p>","protected":false},"featured_media":0,"comment_status":"open","ping_status":"closed","template":"","meta":[],"product_brand":[],"product_cat":[162],"product_tag":[],"class_list":{"0":"post-38018","1":"product","2":"type-product","3":"status-publish","5":"product_cat-plats-de-reception","7":"first","8":"instock","9":"shipping-taxable","10":"purchasable","11":"product-type-simple"},"_links":{"self":[{"href":"https:\/\/chefsouad.com\/ar\/wp-json\/wp\/v2\/product\/38018","targetHints":{"allow":["GET"]}}],"collection":[{"href":"https:\/\/chefsouad.com\/ar\/wp-json\/wp\/v2\/product"}],"about":[{"href":"https:\/\/chefsouad.com\/ar\/wp-json\/wp\/v2\/types\/product"}],"replies":[{"embeddable":true,"href":"https:\/\/chefsouad.com\/ar\/wp-json\/wp\/v2\/comments?post=38018"}],"version-history":[{"count":2,"href":"https:\/\/chefsouad.com\/ar\/wp-json\/wp\/v2\/product\/38018\/revisions"}],"predecessor-version":[{"id":38374,"href":"https:\/\/chefsouad.com\/ar\/wp-json\/wp\/v2\/product\/38018\/revisions\/38374"}],"wp:attachment":[{"href":"https:\/\/chefsouad.com\/ar\/wp-json\/wp\/v2\/media?parent=38018"}],"wp:term":[{"taxonomy":"product_brand","embeddable":true,"href":"https:\/\/chefsouad.com\/ar\/wp-json\/wp\/v2\/product_brand?post=38018"},{"taxonomy":"product_cat","embeddable":true,"href":"https:\/\/chefsouad.com\/ar\/wp-json\/wp\/v2\/product_cat?post=38018"},{"taxonomy":"product_tag","embeddable":true,"href":"https:\/\/chefsouad.com\/ar\/wp-json\/wp\/v2\/product_tag?post=38018"}],"curies":[{"name":"wp","href":"https:\/\/api.w.org\/{rel}","templated":true}]}}