{"id":38017,"date":"2025-12-15T22:31:02","date_gmt":"2025-12-15T21:31:02","guid":{"rendered":"https:\/\/chefsouad.com\/?post_type=product&#038;p=38017"},"modified":"2026-02-11T13:23:35","modified_gmt":"2026-02-11T12:23:35","slug":"poulet-mhamer-seffa-prestige","status":"publish","type":"product","link":"https:\/\/chefsouad.com\/ar\/product\/poulet-mhamer-seffa-prestige\/","title":{"rendered":"Poulet Mhamer &#038; Seffa Prestige"},"content":{"rendered":"<p><span style=\"font-weight: 400;\">Un poulet tendre, dor\u00e9 \u00e0 souhait avec sa deghmira onctueuse, accompagn\u00e9 d\u2019une Seffa de prestige richement d\u00e9cor\u00e9e d&rsquo;amandes et de cannelle. Un plat de f\u00eate complet qui marie authenticit\u00e9 et \u00e9l\u00e9gance.<\/span><\/p>","protected":false},"excerpt":{"rendered":"<p>Un poulet tendre, dor\u00e9 \u00e0 souhait avec sa deghmira onctueuse, accompagn\u00e9 d\u2019une Seffa de prestige richement d\u00e9cor\u00e9e d&rsquo;amandes et de<\/p>","protected":false},"featured_media":38128,"comment_status":"open","ping_status":"closed","template":"","meta":[],"product_brand":[],"product_cat":[162],"product_tag":[],"class_list":{"0":"post-38017","1":"product","2":"type-product","3":"status-publish","4":"has-post-thumbnail","6":"product_cat-plats-de-reception","8":"first","9":"instock","10":"shipping-taxable","11":"purchasable","12":"product-type-simple"},"_links":{"self":[{"href":"https:\/\/chefsouad.com\/ar\/wp-json\/wp\/v2\/product\/38017","targetHints":{"allow":["GET"]}}],"collection":[{"href":"https:\/\/chefsouad.com\/ar\/wp-json\/wp\/v2\/product"}],"about":[{"href":"https:\/\/chefsouad.com\/ar\/wp-json\/wp\/v2\/types\/product"}],"replies":[{"embeddable":true,"href":"https:\/\/chefsouad.com\/ar\/wp-json\/wp\/v2\/comments?post=38017"}],"version-history":[{"count":2,"href":"https:\/\/chefsouad.com\/ar\/wp-json\/wp\/v2\/product\/38017\/revisions"}],"predecessor-version":[{"id":38373,"href":"https:\/\/chefsouad.com\/ar\/wp-json\/wp\/v2\/product\/38017\/revisions\/38373"}],"wp:featuredmedia":[{"embeddable":true,"href":"https:\/\/chefsouad.com\/ar\/wp-json\/wp\/v2\/media\/38128"}],"wp:attachment":[{"href":"https:\/\/chefsouad.com\/ar\/wp-json\/wp\/v2\/media?parent=38017"}],"wp:term":[{"taxonomy":"product_brand","embeddable":true,"href":"https:\/\/chefsouad.com\/ar\/wp-json\/wp\/v2\/product_brand?post=38017"},{"taxonomy":"product_cat","embeddable":true,"href":"https:\/\/chefsouad.com\/ar\/wp-json\/wp\/v2\/product_cat?post=38017"},{"taxonomy":"product_tag","embeddable":true,"href":"https:\/\/chefsouad.com\/ar\/wp-json\/wp\/v2\/product_tag?post=38017"}],"curies":[{"name":"wp","href":"https:\/\/api.w.org\/{rel}","templated":true}]}}