{"id":38016,"date":"2025-12-15T22:31:02","date_gmt":"2025-12-15T21:31:02","guid":{"rendered":"https:\/\/chefsouad.com\/?post_type=product&#038;p=38016"},"modified":"2026-02-11T13:50:35","modified_gmt":"2026-02-11T12:50:35","slug":"poulet-prestige-farci-au-four","status":"publish","type":"product","link":"https:\/\/chefsouad.com\/ar\/product\/poulet-prestige-farci-au-four\/","title":{"rendered":"Poulet Prestige Farci au Four"},"content":{"rendered":"<p><span style=\"font-weight: 400;\">Un poulet tendre et dor\u00e9 au four, g\u00e9n\u00e9reusement farci d&rsquo;un m\u00e9lange savoureux. Un plat \u00ab\u00a0Prestige\u00a0\u00bb \u00e0 la pr\u00e9sentation soign\u00e9e, id\u00e9al pour sublimer vos tables de f\u00eate et \u00e9pater vos convives.<\/span><\/p>","protected":false},"excerpt":{"rendered":"<p>Un poulet tendre et dor\u00e9 au four, g\u00e9n\u00e9reusement farci d&rsquo;un m\u00e9lange savoureux. Un plat \u00ab\u00a0Prestige\u00a0\u00bb \u00e0 la pr\u00e9sentation soign\u00e9e, id\u00e9al<\/p>","protected":false},"featured_media":0,"comment_status":"open","ping_status":"closed","template":"","meta":[],"product_brand":[],"product_cat":[162],"product_tag":[],"class_list":{"0":"post-38016","1":"product","2":"type-product","3":"status-publish","5":"product_cat-plats-de-reception","7":"first","8":"instock","9":"shipping-taxable","10":"purchasable","11":"product-type-simple"},"_links":{"self":[{"href":"https:\/\/chefsouad.com\/ar\/wp-json\/wp\/v2\/product\/38016","targetHints":{"allow":["GET"]}}],"collection":[{"href":"https:\/\/chefsouad.com\/ar\/wp-json\/wp\/v2\/product"}],"about":[{"href":"https:\/\/chefsouad.com\/ar\/wp-json\/wp\/v2\/types\/product"}],"replies":[{"embeddable":true,"href":"https:\/\/chefsouad.com\/ar\/wp-json\/wp\/v2\/comments?post=38016"}],"version-history":[{"count":2,"href":"https:\/\/chefsouad.com\/ar\/wp-json\/wp\/v2\/product\/38016\/revisions"}],"predecessor-version":[{"id":38392,"href":"https:\/\/chefsouad.com\/ar\/wp-json\/wp\/v2\/product\/38016\/revisions\/38392"}],"wp:attachment":[{"href":"https:\/\/chefsouad.com\/ar\/wp-json\/wp\/v2\/media?parent=38016"}],"wp:term":[{"taxonomy":"product_brand","embeddable":true,"href":"https:\/\/chefsouad.com\/ar\/wp-json\/wp\/v2\/product_brand?post=38016"},{"taxonomy":"product_cat","embeddable":true,"href":"https:\/\/chefsouad.com\/ar\/wp-json\/wp\/v2\/product_cat?post=38016"},{"taxonomy":"product_tag","embeddable":true,"href":"https:\/\/chefsouad.com\/ar\/wp-json\/wp\/v2\/product_tag?post=38016"}],"curies":[{"name":"wp","href":"https:\/\/api.w.org\/{rel}","templated":true}]}}