{"id":38015,"date":"2025-12-15T22:31:02","date_gmt":"2025-12-15T21:31:02","guid":{"rendered":"https:\/\/chefsouad.com\/?post_type=product&#038;p=38015"},"modified":"2026-02-11T14:26:41","modified_gmt":"2026-02-11T13:26:41","slug":"%d9%83%d9%88%d9%83%d9%84%d9%8a-%d8%a8%d8%a7%d9%84%d8%b3%d9%81%d8%a9","status":"publish","type":"product","link":"https:\/\/chefsouad.com\/ar\/product\/%d9%83%d9%88%d9%83%d9%84%d9%8a-%d8%a8%d8%a7%d9%84%d8%b3%d9%81%d8%a9\/","title":{"rendered":"Coquelets \u00e0 la Seffa"},"content":{"rendered":"<p><span style=\"font-weight: 400;\">La finesse du coquelet r\u00f4ti mari\u00e9e \u00e0 la douceur d\u2019une Seffa de prestige.<\/span><\/p>","protected":false},"excerpt":{"rendered":"<p>La finesse du coquelet r\u00f4ti mari\u00e9e \u00e0 la douceur d\u2019une Seffa de prestige.<\/p>","protected":false},"featured_media":38319,"comment_status":"open","ping_status":"closed","template":"","meta":[],"product_brand":[],"product_cat":[162],"product_tag":[],"class_list":{"0":"post-38015","1":"product","2":"type-product","3":"status-publish","4":"has-post-thumbnail","6":"product_cat-plats-de-reception","8":"first","9":"instock","10":"shipping-taxable","11":"purchasable","12":"product-type-simple"},"_links":{"self":[{"href":"https:\/\/chefsouad.com\/ar\/wp-json\/wp\/v2\/product\/38015","targetHints":{"allow":["GET"]}}],"collection":[{"href":"https:\/\/chefsouad.com\/ar\/wp-json\/wp\/v2\/product"}],"about":[{"href":"https:\/\/chefsouad.com\/ar\/wp-json\/wp\/v2\/types\/product"}],"replies":[{"embeddable":true,"href":"https:\/\/chefsouad.com\/ar\/wp-json\/wp\/v2\/comments?post=38015"}],"version-history":[{"count":3,"href":"https:\/\/chefsouad.com\/ar\/wp-json\/wp\/v2\/product\/38015\/revisions"}],"predecessor-version":[{"id":38422,"href":"https:\/\/chefsouad.com\/ar\/wp-json\/wp\/v2\/product\/38015\/revisions\/38422"}],"wp:featuredmedia":[{"embeddable":true,"href":"https:\/\/chefsouad.com\/ar\/wp-json\/wp\/v2\/media\/38319"}],"wp:attachment":[{"href":"https:\/\/chefsouad.com\/ar\/wp-json\/wp\/v2\/media?parent=38015"}],"wp:term":[{"taxonomy":"product_brand","embeddable":true,"href":"https:\/\/chefsouad.com\/ar\/wp-json\/wp\/v2\/product_brand?post=38015"},{"taxonomy":"product_cat","embeddable":true,"href":"https:\/\/chefsouad.com\/ar\/wp-json\/wp\/v2\/product_cat?post=38015"},{"taxonomy":"product_tag","embeddable":true,"href":"https:\/\/chefsouad.com\/ar\/wp-json\/wp\/v2\/product_tag?post=38015"}],"curies":[{"name":"wp","href":"https:\/\/api.w.org\/{rel}","templated":true}]}}