{"id":38014,"date":"2025-12-15T22:31:02","date_gmt":"2025-12-15T21:31:02","guid":{"rendered":"https:\/\/chefsouad.com\/?post_type=product&#038;p=38014"},"modified":"2026-02-11T14:26:23","modified_gmt":"2026-02-11T13:26:23","slug":"poulet-mhamer-plat-de-3-poulets-poulet-mhamer-plat-de-4-poulets-poulet-prestige-farci-au-four-dessert-prestige","status":"publish","type":"product","link":"https:\/\/chefsouad.com\/ar\/product\/poulet-mhamer-plat-de-3-poulets-poulet-mhamer-plat-de-4-poulets-poulet-prestige-farci-au-four-dessert-prestige\/","title":{"rendered":"Demi-M\u00e9choui au Four"},"content":{"rendered":"<p><span style=\"font-weight: 400;\">La noblesse du terroir dans une viande r\u00f4tie, fondante \u00e0 c\u0153ur et \u00e0 la peau croustillante.<\/span><\/p>","protected":false},"excerpt":{"rendered":"<p>La noblesse du terroir dans une viande r\u00f4tie, fondante \u00e0 c\u0153ur et \u00e0 la peau croustillante.<\/p>","protected":false},"featured_media":38334,"comment_status":"open","ping_status":"closed","template":"","meta":[],"product_brand":[],"product_cat":[162],"product_tag":[],"class_list":{"0":"post-38014","1":"product","2":"type-product","3":"status-publish","4":"has-post-thumbnail","6":"product_cat-plats-de-reception","8":"first","9":"instock","10":"shipping-taxable","11":"purchasable","12":"product-type-simple"},"_links":{"self":[{"href":"https:\/\/chefsouad.com\/ar\/wp-json\/wp\/v2\/product\/38014","targetHints":{"allow":["GET"]}}],"collection":[{"href":"https:\/\/chefsouad.com\/ar\/wp-json\/wp\/v2\/product"}],"about":[{"href":"https:\/\/chefsouad.com\/ar\/wp-json\/wp\/v2\/types\/product"}],"replies":[{"embeddable":true,"href":"https:\/\/chefsouad.com\/ar\/wp-json\/wp\/v2\/comments?post=38014"}],"version-history":[{"count":3,"href":"https:\/\/chefsouad.com\/ar\/wp-json\/wp\/v2\/product\/38014\/revisions"}],"predecessor-version":[{"id":38421,"href":"https:\/\/chefsouad.com\/ar\/wp-json\/wp\/v2\/product\/38014\/revisions\/38421"}],"wp:featuredmedia":[{"embeddable":true,"href":"https:\/\/chefsouad.com\/ar\/wp-json\/wp\/v2\/media\/38334"}],"wp:attachment":[{"href":"https:\/\/chefsouad.com\/ar\/wp-json\/wp\/v2\/media?parent=38014"}],"wp:term":[{"taxonomy":"product_brand","embeddable":true,"href":"https:\/\/chefsouad.com\/ar\/wp-json\/wp\/v2\/product_brand?post=38014"},{"taxonomy":"product_cat","embeddable":true,"href":"https:\/\/chefsouad.com\/ar\/wp-json\/wp\/v2\/product_cat?post=38014"},{"taxonomy":"product_tag","embeddable":true,"href":"https:\/\/chefsouad.com\/ar\/wp-json\/wp\/v2\/product_tag?post=38014"}],"curies":[{"name":"wp","href":"https:\/\/api.w.org\/{rel}","templated":true}]}}