{"id":38013,"date":"2025-12-15T22:31:02","date_gmt":"2025-12-15T21:31:02","guid":{"rendered":"https:\/\/chefsouad.com\/?post_type=product&#038;p=38013"},"modified":"2026-02-11T13:16:32","modified_gmt":"2026-02-11T12:16:32","slug":"%d8%a8%d8%b3%d8%b7%d9%8a%d9%84%d8%a9-%d8%b3%d9%85%d9%83-12-%d8%b4%d8%ae%d8%b5-2","status":"publish","type":"product","link":"https:\/\/chefsouad.com\/ar\/product\/%d8%a8%d8%b3%d8%b7%d9%8a%d9%84%d8%a9-%d8%b3%d9%85%d9%83-12-%d8%b4%d8%ae%d8%b5-2\/","title":{"rendered":"Pastilla au Poisson (12 personnes)"},"content":{"rendered":"<p><span style=\"font-weight: 400;\">Une farce g\u00e9n\u00e9reuse compos\u00e9e de poissons fins, de calamars et de crevettes royales, le tout sublim\u00e9 par une charmoula \u00e9pic\u00e9e. Un plat id\u00e9al pour offrir un festin inoubliable \u00e0 vos 12 convives.<\/span><\/p>","protected":false},"excerpt":{"rendered":"<p>Une farce g\u00e9n\u00e9reuse compos\u00e9e de poissons fins, de calamars et de crevettes royales, le tout sublim\u00e9 par une charmoula \u00e9pic\u00e9e.<\/p>","protected":false},"featured_media":38333,"comment_status":"open","ping_status":"closed","template":"","meta":[],"product_brand":[],"product_cat":[162],"product_tag":[],"class_list":{"0":"post-38013","1":"product","2":"type-product","3":"status-publish","4":"has-post-thumbnail","6":"product_cat-plats-de-reception","8":"first","9":"instock","10":"shipping-taxable","11":"purchasable","12":"product-type-simple"},"_links":{"self":[{"href":"https:\/\/chefsouad.com\/ar\/wp-json\/wp\/v2\/product\/38013","targetHints":{"allow":["GET"]}}],"collection":[{"href":"https:\/\/chefsouad.com\/ar\/wp-json\/wp\/v2\/product"}],"about":[{"href":"https:\/\/chefsouad.com\/ar\/wp-json\/wp\/v2\/types\/product"}],"replies":[{"embeddable":true,"href":"https:\/\/chefsouad.com\/ar\/wp-json\/wp\/v2\/comments?post=38013"}],"version-history":[{"count":4,"href":"https:\/\/chefsouad.com\/ar\/wp-json\/wp\/v2\/product\/38013\/revisions"}],"predecessor-version":[{"id":38420,"href":"https:\/\/chefsouad.com\/ar\/wp-json\/wp\/v2\/product\/38013\/revisions\/38420"}],"wp:featuredmedia":[{"embeddable":true,"href":"https:\/\/chefsouad.com\/ar\/wp-json\/wp\/v2\/media\/38333"}],"wp:attachment":[{"href":"https:\/\/chefsouad.com\/ar\/wp-json\/wp\/v2\/media?parent=38013"}],"wp:term":[{"taxonomy":"product_brand","embeddable":true,"href":"https:\/\/chefsouad.com\/ar\/wp-json\/wp\/v2\/product_brand?post=38013"},{"taxonomy":"product_cat","embeddable":true,"href":"https:\/\/chefsouad.com\/ar\/wp-json\/wp\/v2\/product_cat?post=38013"},{"taxonomy":"product_tag","embeddable":true,"href":"https:\/\/chefsouad.com\/ar\/wp-json\/wp\/v2\/product_tag?post=38013"}],"curies":[{"name":"wp","href":"https:\/\/api.w.org\/{rel}","templated":true}]}}