{"id":38012,"date":"2025-12-15T22:31:02","date_gmt":"2025-12-15T21:31:02","guid":{"rendered":"https:\/\/chefsouad.com\/?post_type=product&#038;p=38012"},"modified":"2026-02-11T13:15:20","modified_gmt":"2026-02-11T12:15:20","slug":"%d8%a8%d8%b3%d8%b7%d9%8a%d9%84%d8%a9-%d8%b3%d9%85%d9%83-12-%d8%b4%d8%ae%d8%b5","status":"publish","type":"product","link":"https:\/\/chefsouad.com\/ar\/product\/%d8%a8%d8%b3%d8%b7%d9%8a%d9%84%d8%a9-%d8%b3%d9%85%d9%83-12-%d8%b4%d8%ae%d8%b5\/","title":{"rendered":"Pastilla au Poisson (10 personnes)"},"content":{"rendered":"<p><span style=\"font-weight: 400;\">Une garniture g\u00e9n\u00e9reuse de poissons fins et de crevettes, relev\u00e9e par une charmoula authentique et des vermicelles parfum\u00e9s. Un plat prestigieux et riche en saveurs marines.<\/span><\/p>","protected":false},"excerpt":{"rendered":"<p>Une garniture g\u00e9n\u00e9reuse de poissons fins et de crevettes, relev\u00e9e par une charmoula authentique et des vermicelles parfum\u00e9s. Un plat<\/p>","protected":false},"featured_media":38333,"comment_status":"open","ping_status":"closed","template":"","meta":[],"product_brand":[],"product_cat":[162],"product_tag":[],"class_list":{"0":"post-38012","1":"product","2":"type-product","3":"status-publish","4":"has-post-thumbnail","6":"product_cat-plats-de-reception","8":"first","9":"instock","10":"shipping-taxable","11":"purchasable","12":"product-type-simple"},"_links":{"self":[{"href":"https:\/\/chefsouad.com\/ar\/wp-json\/wp\/v2\/product\/38012","targetHints":{"allow":["GET"]}}],"collection":[{"href":"https:\/\/chefsouad.com\/ar\/wp-json\/wp\/v2\/product"}],"about":[{"href":"https:\/\/chefsouad.com\/ar\/wp-json\/wp\/v2\/types\/product"}],"replies":[{"embeddable":true,"href":"https:\/\/chefsouad.com\/ar\/wp-json\/wp\/v2\/comments?post=38012"}],"version-history":[{"count":3,"href":"https:\/\/chefsouad.com\/ar\/wp-json\/wp\/v2\/product\/38012\/revisions"}],"predecessor-version":[{"id":38364,"href":"https:\/\/chefsouad.com\/ar\/wp-json\/wp\/v2\/product\/38012\/revisions\/38364"}],"wp:featuredmedia":[{"embeddable":true,"href":"https:\/\/chefsouad.com\/ar\/wp-json\/wp\/v2\/media\/38333"}],"wp:attachment":[{"href":"https:\/\/chefsouad.com\/ar\/wp-json\/wp\/v2\/media?parent=38012"}],"wp:term":[{"taxonomy":"product_brand","embeddable":true,"href":"https:\/\/chefsouad.com\/ar\/wp-json\/wp\/v2\/product_brand?post=38012"},{"taxonomy":"product_cat","embeddable":true,"href":"https:\/\/chefsouad.com\/ar\/wp-json\/wp\/v2\/product_cat?post=38012"},{"taxonomy":"product_tag","embeddable":true,"href":"https:\/\/chefsouad.com\/ar\/wp-json\/wp\/v2\/product_tag?post=38012"}],"curies":[{"name":"wp","href":"https:\/\/api.w.org\/{rel}","templated":true}]}}