{"id":38011,"date":"2025-12-15T22:31:02","date_gmt":"2025-12-15T21:31:02","guid":{"rendered":"https:\/\/chefsouad.com\/?post_type=product&#038;p=38011"},"modified":"2026-02-11T14:25:52","modified_gmt":"2026-02-11T13:25:52","slug":"%d8%a8%d8%b3%d8%b7%d9%8a%d9%84%d8%a9-%d8%b3%d9%85%d9%83-8-%d8%a3%d8%b4%d8%ae%d8%a7%d8%b5","status":"publish","type":"product","link":"https:\/\/chefsouad.com\/ar\/product\/%d8%a8%d8%b3%d8%b7%d9%8a%d9%84%d8%a9-%d8%b3%d9%85%d9%83-8-%d8%a3%d8%b4%d8%ae%d8%a7%d8%b5\/","title":{"rendered":"Pastilla au Poisson (8 personnes)"},"content":{"rendered":"<p><span style=\"font-weight: 400;\">Une alliance savoureuse de poissons frais, crevettes et calamars, d\u00e9licatement relev\u00e9e aux \u00e9pices marocaines. Id\u00e9ale pour r\u00e9galer vos 8 convives lors d&rsquo;un d\u00e9jeuner ou d&rsquo;un d\u00eener d&rsquo;exception.<\/span><\/p>","protected":false},"excerpt":{"rendered":"<p>Une alliance savoureuse de poissons frais, crevettes et calamars, d\u00e9licatement relev\u00e9e aux \u00e9pices marocaines. Id\u00e9ale pour r\u00e9galer vos 8 convives<\/p>","protected":false},"featured_media":38332,"comment_status":"open","ping_status":"closed","template":"","meta":[],"product_brand":[],"product_cat":[162],"product_tag":[],"class_list":{"0":"post-38011","1":"product","2":"type-product","3":"status-publish","4":"has-post-thumbnail","6":"product_cat-plats-de-reception","8":"first","9":"instock","10":"shipping-taxable","11":"purchasable","12":"product-type-simple"},"_links":{"self":[{"href":"https:\/\/chefsouad.com\/ar\/wp-json\/wp\/v2\/product\/38011","targetHints":{"allow":["GET"]}}],"collection":[{"href":"https:\/\/chefsouad.com\/ar\/wp-json\/wp\/v2\/product"}],"about":[{"href":"https:\/\/chefsouad.com\/ar\/wp-json\/wp\/v2\/types\/product"}],"replies":[{"embeddable":true,"href":"https:\/\/chefsouad.com\/ar\/wp-json\/wp\/v2\/comments?post=38011"}],"version-history":[{"count":5,"href":"https:\/\/chefsouad.com\/ar\/wp-json\/wp\/v2\/product\/38011\/revisions"}],"predecessor-version":[{"id":38419,"href":"https:\/\/chefsouad.com\/ar\/wp-json\/wp\/v2\/product\/38011\/revisions\/38419"}],"wp:featuredmedia":[{"embeddable":true,"href":"https:\/\/chefsouad.com\/ar\/wp-json\/wp\/v2\/media\/38332"}],"wp:attachment":[{"href":"https:\/\/chefsouad.com\/ar\/wp-json\/wp\/v2\/media?parent=38011"}],"wp:term":[{"taxonomy":"product_brand","embeddable":true,"href":"https:\/\/chefsouad.com\/ar\/wp-json\/wp\/v2\/product_brand?post=38011"},{"taxonomy":"product_cat","embeddable":true,"href":"https:\/\/chefsouad.com\/ar\/wp-json\/wp\/v2\/product_cat?post=38011"},{"taxonomy":"product_tag","embeddable":true,"href":"https:\/\/chefsouad.com\/ar\/wp-json\/wp\/v2\/product_tag?post=38011"}],"curies":[{"name":"wp","href":"https:\/\/api.w.org\/{rel}","templated":true}]}}