{"id":38009,"date":"2025-12-15T22:31:01","date_gmt":"2025-12-15T21:31:01","guid":{"rendered":"https:\/\/chefsouad.com\/?post_type=product&#038;p=38009"},"modified":"2026-02-11T13:19:10","modified_gmt":"2026-02-11T12:19:10","slug":"pastilla-au-poulet-amandes-10-personnes","status":"publish","type":"product","link":"https:\/\/chefsouad.com\/ar\/product\/pastilla-au-poulet-amandes-10-personnes\/","title":{"rendered":"Pastilla au Poulet &#038; Amandes (10 personnes)"},"content":{"rendered":"<p><span style=\"font-weight: 400;\">Une recette royale alliant la finesse du poulet effiloch\u00e9 \u00e0 la douceur des amandes dor\u00e9es et du miel. Un plat g\u00e9n\u00e9reux et raffin\u00e9, id\u00e9al pour partager un moment d&rsquo;exception avec vos 12 convives.<\/span><\/p>","protected":false},"excerpt":{"rendered":"<p>Une recette royale alliant la finesse du poulet effiloch\u00e9 \u00e0 la douceur des amandes dor\u00e9es et du miel. Un plat<\/p>","protected":false},"featured_media":38307,"comment_status":"open","ping_status":"closed","template":"","meta":[],"product_brand":[],"product_cat":[162],"product_tag":[],"class_list":{"0":"post-38009","1":"product","2":"type-product","3":"status-publish","4":"has-post-thumbnail","6":"product_cat-plats-de-reception","8":"first","9":"instock","10":"shipping-taxable","11":"purchasable","12":"product-type-simple"},"_links":{"self":[{"href":"https:\/\/chefsouad.com\/ar\/wp-json\/wp\/v2\/product\/38009","targetHints":{"allow":["GET"]}}],"collection":[{"href":"https:\/\/chefsouad.com\/ar\/wp-json\/wp\/v2\/product"}],"about":[{"href":"https:\/\/chefsouad.com\/ar\/wp-json\/wp\/v2\/types\/product"}],"replies":[{"embeddable":true,"href":"https:\/\/chefsouad.com\/ar\/wp-json\/wp\/v2\/comments?post=38009"}],"version-history":[{"count":4,"href":"https:\/\/chefsouad.com\/ar\/wp-json\/wp\/v2\/product\/38009\/revisions"}],"predecessor-version":[{"id":38368,"href":"https:\/\/chefsouad.com\/ar\/wp-json\/wp\/v2\/product\/38009\/revisions\/38368"}],"wp:featuredmedia":[{"embeddable":true,"href":"https:\/\/chefsouad.com\/ar\/wp-json\/wp\/v2\/media\/38307"}],"wp:attachment":[{"href":"https:\/\/chefsouad.com\/ar\/wp-json\/wp\/v2\/media?parent=38009"}],"wp:term":[{"taxonomy":"product_brand","embeddable":true,"href":"https:\/\/chefsouad.com\/ar\/wp-json\/wp\/v2\/product_brand?post=38009"},{"taxonomy":"product_cat","embeddable":true,"href":"https:\/\/chefsouad.com\/ar\/wp-json\/wp\/v2\/product_cat?post=38009"},{"taxonomy":"product_tag","embeddable":true,"href":"https:\/\/chefsouad.com\/ar\/wp-json\/wp\/v2\/product_tag?post=38009"}],"curies":[{"name":"wp","href":"https:\/\/api.w.org\/{rel}","templated":true}]}}