{"id":38008,"date":"2025-12-15T22:31:01","date_gmt":"2025-12-15T21:31:01","guid":{"rendered":"https:\/\/chefsouad.com\/?post_type=product&#038;p=38008"},"modified":"2026-02-11T13:17:35","modified_gmt":"2026-02-11T12:17:35","slug":"%d8%a8%d8%b3%d8%b7%d9%8a%d9%84%d8%a9-%d8%af%d8%ac%d8%a7%d8%ac-%d9%88%d8%a7%d9%84%d9%84%d9%88%d8%b2-8-%d8%a3%d8%b4%d8%ae%d8%a7%d8%b5","status":"publish","type":"product","link":"https:\/\/chefsouad.com\/ar\/product\/%d8%a8%d8%b3%d8%b7%d9%8a%d9%84%d8%a9-%d8%af%d8%ac%d8%a7%d8%ac-%d9%88%d8%a7%d9%84%d9%84%d9%88%d8%b2-8-%d8%a3%d8%b4%d8%ae%d8%a7%d8%b5\/","title":{"rendered":"Pastilla au Poulet &#038; Amandes (8 personnes)"},"content":{"rendered":"<p><span style=\"font-weight: 400;\">Un mariage subtil entre le croquant des amandes et la tendresse du poulet parfum\u00e9 au safran. Parfait pour r\u00e9galer vos 8 convives lors d&rsquo;un repas de famille ou d&rsquo;une r\u00e9ception.<\/span><\/p>","protected":false},"excerpt":{"rendered":"<p>Un mariage subtil entre le croquant des amandes et la tendresse du poulet parfum\u00e9 au safran. Parfait pour r\u00e9galer vos<\/p>","protected":false},"featured_media":38306,"comment_status":"open","ping_status":"closed","template":"","meta":[],"product_brand":[],"product_cat":[162],"product_tag":[],"class_list":{"0":"post-38008","1":"product","2":"type-product","3":"status-publish","4":"has-post-thumbnail","6":"product_cat-plats-de-reception","8":"first","9":"instock","10":"shipping-taxable","11":"purchasable","12":"product-type-simple"},"_links":{"self":[{"href":"https:\/\/chefsouad.com\/ar\/wp-json\/wp\/v2\/product\/38008","targetHints":{"allow":["GET"]}}],"collection":[{"href":"https:\/\/chefsouad.com\/ar\/wp-json\/wp\/v2\/product"}],"about":[{"href":"https:\/\/chefsouad.com\/ar\/wp-json\/wp\/v2\/types\/product"}],"replies":[{"embeddable":true,"href":"https:\/\/chefsouad.com\/ar\/wp-json\/wp\/v2\/comments?post=38008"}],"version-history":[{"count":3,"href":"https:\/\/chefsouad.com\/ar\/wp-json\/wp\/v2\/product\/38008\/revisions"}],"predecessor-version":[{"id":38434,"href":"https:\/\/chefsouad.com\/ar\/wp-json\/wp\/v2\/product\/38008\/revisions\/38434"}],"wp:featuredmedia":[{"embeddable":true,"href":"https:\/\/chefsouad.com\/ar\/wp-json\/wp\/v2\/media\/38306"}],"wp:attachment":[{"href":"https:\/\/chefsouad.com\/ar\/wp-json\/wp\/v2\/media?parent=38008"}],"wp:term":[{"taxonomy":"product_brand","embeddable":true,"href":"https:\/\/chefsouad.com\/ar\/wp-json\/wp\/v2\/product_brand?post=38008"},{"taxonomy":"product_cat","embeddable":true,"href":"https:\/\/chefsouad.com\/ar\/wp-json\/wp\/v2\/product_cat?post=38008"},{"taxonomy":"product_tag","embeddable":true,"href":"https:\/\/chefsouad.com\/ar\/wp-json\/wp\/v2\/product_tag?post=38008"}],"curies":[{"name":"wp","href":"https:\/\/api.w.org\/{rel}","templated":true}]}}