{"id":38007,"date":"2025-12-15T22:31:01","date_gmt":"2025-12-15T21:31:01","guid":{"rendered":"https:\/\/chefsouad.com\/?post_type=product&#038;p=38007"},"modified":"2026-02-11T14:29:37","modified_gmt":"2026-02-11T13:29:37","slug":"%d9%84%d8%ad%d9%85-%d8%a8%d8%a7%d9%84%d8%a8%d8%b1%d9%88%d9%82%d9%88%d9%82-3-%d9%83%d9%8a%d9%84%d9%88","status":"publish","type":"product","link":"https:\/\/chefsouad.com\/ar\/product\/%d9%84%d8%ad%d9%85-%d8%a8%d8%a7%d9%84%d8%a8%d8%b1%d9%88%d9%82%d9%88%d9%82-3-%d9%83%d9%8a%d9%84%d9%88\/","title":{"rendered":"\u0644\u062d\u0645 \u0628\u0627\u0644\u0628\u0631\u0648\u0642\u0648\u0642 3 \u0643\u064a\u0644\u0648"},"content":{"rendered":"<p>\u0644\u062d\u0645 \u0628\u0627\u0644\u0628\u0631\u0648\u0642\u0648\u0642 3 \u0643\u064a\u0644\u0648 pr\u00e9par\u00e9(e) avec des ingr\u00e9dients frais et soigneusement s\u00e9lectionn\u00e9s, selon le savoir-faire traditionnel de Chef Souad. Viande bgri, poirre, pruneau, amende, bricot<\/p>","protected":false},"excerpt":{"rendered":"<p>\u0644\u062d\u0645 \u0628\u0627\u0644\u0628\u0631\u0648\u0642\u0648\u0642 3 \u0643\u064a\u0644\u0648 pr\u00e9par\u00e9(e) avec des ingr\u00e9dients frais et soigneusement s\u00e9lectionn\u00e9s, selon le savoir-faire traditionnel de Chef Souad. Viande<\/p>","protected":false},"featured_media":38129,"comment_status":"open","ping_status":"closed","template":"","meta":[],"product_brand":[],"product_cat":[162],"product_tag":[],"class_list":{"0":"post-38007","1":"product","2":"type-product","3":"status-publish","4":"has-post-thumbnail","6":"product_cat-plats-de-reception","8":"first","9":"instock","10":"shipping-taxable","11":"purchasable","12":"product-type-simple"},"_links":{"self":[{"href":"https:\/\/chefsouad.com\/ar\/wp-json\/wp\/v2\/product\/38007","targetHints":{"allow":["GET"]}}],"collection":[{"href":"https:\/\/chefsouad.com\/ar\/wp-json\/wp\/v2\/product"}],"about":[{"href":"https:\/\/chefsouad.com\/ar\/wp-json\/wp\/v2\/types\/product"}],"replies":[{"embeddable":true,"href":"https:\/\/chefsouad.com\/ar\/wp-json\/wp\/v2\/comments?post=38007"}],"version-history":[{"count":3,"href":"https:\/\/chefsouad.com\/ar\/wp-json\/wp\/v2\/product\/38007\/revisions"}],"predecessor-version":[{"id":38433,"href":"https:\/\/chefsouad.com\/ar\/wp-json\/wp\/v2\/product\/38007\/revisions\/38433"}],"wp:featuredmedia":[{"embeddable":true,"href":"https:\/\/chefsouad.com\/ar\/wp-json\/wp\/v2\/media\/38129"}],"wp:attachment":[{"href":"https:\/\/chefsouad.com\/ar\/wp-json\/wp\/v2\/media?parent=38007"}],"wp:term":[{"taxonomy":"product_brand","embeddable":true,"href":"https:\/\/chefsouad.com\/ar\/wp-json\/wp\/v2\/product_brand?post=38007"},{"taxonomy":"product_cat","embeddable":true,"href":"https:\/\/chefsouad.com\/ar\/wp-json\/wp\/v2\/product_cat?post=38007"},{"taxonomy":"product_tag","embeddable":true,"href":"https:\/\/chefsouad.com\/ar\/wp-json\/wp\/v2\/product_tag?post=38007"}],"curies":[{"name":"wp","href":"https:\/\/api.w.org\/{rel}","templated":true}]}}