{"id":38006,"date":"2025-12-15T22:31:01","date_gmt":"2025-12-15T21:31:01","guid":{"rendered":"https:\/\/chefsouad.com\/?post_type=product&#038;p=38006"},"modified":"2026-02-11T13:45:48","modified_gmt":"2026-02-11T12:45:48","slug":"poulet-mhamer","status":"publish","type":"product","link":"https:\/\/chefsouad.com\/ar\/product\/poulet-mhamer\/","title":{"rendered":"Poulet Mhamer (Plat de 4 Poulets)"},"content":{"rendered":"<p><span style=\"font-weight: 400;\">Le fleuron de la r\u00e9ception marocaine : quatre poulets dor\u00e9s \u00e0 souhait, servis avec une daghmira onctueuse et parfum\u00e9e.<\/span><\/p>","protected":false},"excerpt":{"rendered":"<p>Le fleuron de la r\u00e9ception marocaine : quatre poulets dor\u00e9s \u00e0 souhait, servis avec une daghmira onctueuse et parfum\u00e9e.<\/p>","protected":false},"featured_media":0,"comment_status":"open","ping_status":"closed","template":"","meta":[],"product_brand":[],"product_cat":[162],"product_tag":[],"class_list":{"0":"post-38006","1":"product","2":"type-product","3":"status-publish","5":"product_cat-plats-de-reception","7":"first","8":"instock","9":"shipping-taxable","10":"purchasable","11":"product-type-simple"},"_links":{"self":[{"href":"https:\/\/chefsouad.com\/ar\/wp-json\/wp\/v2\/product\/38006","targetHints":{"allow":["GET"]}}],"collection":[{"href":"https:\/\/chefsouad.com\/ar\/wp-json\/wp\/v2\/product"}],"about":[{"href":"https:\/\/chefsouad.com\/ar\/wp-json\/wp\/v2\/types\/product"}],"replies":[{"embeddable":true,"href":"https:\/\/chefsouad.com\/ar\/wp-json\/wp\/v2\/comments?post=38006"}],"version-history":[{"count":4,"href":"https:\/\/chefsouad.com\/ar\/wp-json\/wp\/v2\/product\/38006\/revisions"}],"predecessor-version":[{"id":38431,"href":"https:\/\/chefsouad.com\/ar\/wp-json\/wp\/v2\/product\/38006\/revisions\/38431"}],"wp:attachment":[{"href":"https:\/\/chefsouad.com\/ar\/wp-json\/wp\/v2\/media?parent=38006"}],"wp:term":[{"taxonomy":"product_brand","embeddable":true,"href":"https:\/\/chefsouad.com\/ar\/wp-json\/wp\/v2\/product_brand?post=38006"},{"taxonomy":"product_cat","embeddable":true,"href":"https:\/\/chefsouad.com\/ar\/wp-json\/wp\/v2\/product_cat?post=38006"},{"taxonomy":"product_tag","embeddable":true,"href":"https:\/\/chefsouad.com\/ar\/wp-json\/wp\/v2\/product_tag?post=38006"}],"curies":[{"name":"wp","href":"https:\/\/api.w.org\/{rel}","templated":true}]}}