{"id":38005,"date":"2025-12-15T22:31:01","date_gmt":"2025-12-15T21:31:01","guid":{"rendered":"https:\/\/chefsouad.com\/?post_type=product&#038;p=38005"},"modified":"2026-02-11T13:46:42","modified_gmt":"2026-02-11T12:46:42","slug":"%d8%b7%d8%a8%d9%82-%d8%af%d8%ac%d8%a7%d8%ac-%d9%85%d8%b5%d9%85%d8%b1-3-%d8%af%d8%ac%d8%a7%d8%ac%d8%a7%d8%aa","status":"publish","type":"product","link":"https:\/\/chefsouad.com\/ar\/product\/%d8%b7%d8%a8%d9%82-%d8%af%d8%ac%d8%a7%d8%ac-%d9%85%d8%b5%d9%85%d8%b1-3-%d8%af%d8%ac%d8%a7%d8%ac%d8%a7%d8%aa\/","title":{"rendered":"Poulet Mhamer (Plat de 3 Poulets)"},"content":{"rendered":"<p><span style=\"font-weight: 400;\">Trois poulets r\u00f4tis \u00e0 la perfection, napp\u00e9s d&rsquo;une daghmira savoureuse et riche en saveurs.<\/span><\/p>","protected":false},"excerpt":{"rendered":"<p>Trois poulets r\u00f4tis \u00e0 la perfection, napp\u00e9s d&rsquo;une daghmira savoureuse et riche en saveurs.<\/p>","protected":false},"featured_media":0,"comment_status":"open","ping_status":"closed","template":"","meta":[],"product_brand":[],"product_cat":[162],"product_tag":[],"class_list":{"0":"post-38005","1":"product","2":"type-product","3":"status-publish","5":"product_cat-plats-de-reception","7":"first","8":"instock","9":"shipping-taxable","10":"purchasable","11":"product-type-simple"},"_links":{"self":[{"href":"https:\/\/chefsouad.com\/ar\/wp-json\/wp\/v2\/product\/38005","targetHints":{"allow":["GET"]}}],"collection":[{"href":"https:\/\/chefsouad.com\/ar\/wp-json\/wp\/v2\/product"}],"about":[{"href":"https:\/\/chefsouad.com\/ar\/wp-json\/wp\/v2\/types\/product"}],"replies":[{"embeddable":true,"href":"https:\/\/chefsouad.com\/ar\/wp-json\/wp\/v2\/comments?post=38005"}],"version-history":[{"count":3,"href":"https:\/\/chefsouad.com\/ar\/wp-json\/wp\/v2\/product\/38005\/revisions"}],"predecessor-version":[{"id":38390,"href":"https:\/\/chefsouad.com\/ar\/wp-json\/wp\/v2\/product\/38005\/revisions\/38390"}],"wp:attachment":[{"href":"https:\/\/chefsouad.com\/ar\/wp-json\/wp\/v2\/media?parent=38005"}],"wp:term":[{"taxonomy":"product_brand","embeddable":true,"href":"https:\/\/chefsouad.com\/ar\/wp-json\/wp\/v2\/product_brand?post=38005"},{"taxonomy":"product_cat","embeddable":true,"href":"https:\/\/chefsouad.com\/ar\/wp-json\/wp\/v2\/product_cat?post=38005"},{"taxonomy":"product_tag","embeddable":true,"href":"https:\/\/chefsouad.com\/ar\/wp-json\/wp\/v2\/product_tag?post=38005"}],"curies":[{"name":"wp","href":"https:\/\/api.w.org\/{rel}","templated":true}]}}