{"id":38004,"date":"2025-12-15T22:31:01","date_gmt":"2025-12-15T21:31:01","guid":{"rendered":"https:\/\/chefsouad.com\/?post_type=product&#038;p=38004"},"modified":"2026-02-11T14:11:11","modified_gmt":"2026-02-11T13:11:11","slug":"salade-royale-2-etages","status":"publish","type":"product","link":"https:\/\/chefsouad.com\/ar\/product\/salade-royale-2-etages\/","title":{"rendered":"Salade Royale (2 \u00c9tages)"},"content":{"rendered":"<p><span style=\"font-weight: 400;\">Une architecture de saveurs prestigieuse sur deux \u00e9tages, m\u00ealant fra\u00eecheur exotique et produits nobles.<\/span><\/p>","protected":false},"excerpt":{"rendered":"<p>Une architecture de saveurs prestigieuse sur deux \u00e9tages, m\u00ealant fra\u00eecheur exotique et produits nobles.<\/p>","protected":false},"featured_media":38397,"comment_status":"open","ping_status":"closed","template":"","meta":[],"product_brand":[],"product_cat":[162],"product_tag":[],"class_list":{"0":"post-38004","1":"product","2":"type-product","3":"status-publish","4":"has-post-thumbnail","6":"product_cat-plats-de-reception","8":"first","9":"instock","10":"shipping-taxable","11":"purchasable","12":"product-type-simple"},"_links":{"self":[{"href":"https:\/\/chefsouad.com\/ar\/wp-json\/wp\/v2\/product\/38004","targetHints":{"allow":["GET"]}}],"collection":[{"href":"https:\/\/chefsouad.com\/ar\/wp-json\/wp\/v2\/product"}],"about":[{"href":"https:\/\/chefsouad.com\/ar\/wp-json\/wp\/v2\/types\/product"}],"replies":[{"embeddable":true,"href":"https:\/\/chefsouad.com\/ar\/wp-json\/wp\/v2\/comments?post=38004"}],"version-history":[{"count":2,"href":"https:\/\/chefsouad.com\/ar\/wp-json\/wp\/v2\/product\/38004\/revisions"}],"predecessor-version":[{"id":38391,"href":"https:\/\/chefsouad.com\/ar\/wp-json\/wp\/v2\/product\/38004\/revisions\/38391"}],"wp:featuredmedia":[{"embeddable":true,"href":"https:\/\/chefsouad.com\/ar\/wp-json\/wp\/v2\/media\/38397"}],"wp:attachment":[{"href":"https:\/\/chefsouad.com\/ar\/wp-json\/wp\/v2\/media?parent=38004"}],"wp:term":[{"taxonomy":"product_brand","embeddable":true,"href":"https:\/\/chefsouad.com\/ar\/wp-json\/wp\/v2\/product_brand?post=38004"},{"taxonomy":"product_cat","embeddable":true,"href":"https:\/\/chefsouad.com\/ar\/wp-json\/wp\/v2\/product_cat?post=38004"},{"taxonomy":"product_tag","embeddable":true,"href":"https:\/\/chefsouad.com\/ar\/wp-json\/wp\/v2\/product_tag?post=38004"}],"curies":[{"name":"wp","href":"https:\/\/api.w.org\/{rel}","templated":true}]}}