{"id":4400,"date":"2021-10-12T15:51:09","date_gmt":"2021-10-12T15:51:09","guid":{"rendered":"http:\/\/dummy.xtemos.com\/woodmart2\/elementor\/?page_id=4400"},"modified":"2025-12-19T15:29:03","modified_gmt":"2025-12-19T14:29:03","slug":"a-propos","status":"publish","type":"page","link":"https:\/\/chefsouad.com\/ar\/a-propos\/","title":{"rendered":"\u0645\u0646 \u0646\u062d\u0646\u061f"},"content":{"rendered":"<div data-elementor-type=\"wp-page\" data-elementor-id=\"4400\" class=\"elementor elementor-4400\" data-elementor-post-type=\"page\">\n\t\t\t\t<div class=\"wd-negative-gap elementor-element elementor-element-7c7c544 e-flex e-con-boxed e-con e-parent\" data-id=\"7c7c544\" data-element_type=\"container\" data-e-type=\"container\">\n\t\t\t\t\t<div class=\"e-con-inner\">\n\t\t<div class=\"elementor-element elementor-element-e7cb5cd e-con-full e-flex e-con e-child\" data-id=\"e7cb5cd\" data-element_type=\"container\" data-e-type=\"container\">\n\t\t\t\t<div class=\"elementor-element elementor-element-56aec39 elementor-widget elementor-widget-wd_image_or_svg\" data-id=\"56aec39\" data-element_type=\"widget\" data-e-type=\"widget\" data-widget_type=\"wd_image_or_svg.default\">\n\t\t\t\t<div class=\"elementor-widget-container\">\n\t\t\t\t\t\n\t\t<div class=\"wd-image text-left\">\n\t\t\t\t\t\t\t\t<img fetchpriority=\"high\" decoding=\"async\" width=\"2560\" height=\"2560\" src=\"https:\/\/chefsouad.com\/wp-content\/uploads\/2025\/12\/studio-shooting-in-background-2.jpg\" class=\"attachment-full size-full\" alt=\"\" srcset=\"https:\/\/chefsouad.com\/wp-content\/uploads\/2025\/12\/studio-shooting-in-background-2.jpg 2560w, https:\/\/chefsouad.com\/wp-content\/uploads\/2025\/12\/studio-shooting-in-background-2-300x300.jpg 300w, https:\/\/chefsouad.com\/wp-content\/uploads\/2025\/12\/studio-shooting-in-background-2-800x800.jpg 800w, https:\/\/chefsouad.com\/wp-content\/uploads\/2025\/12\/studio-shooting-in-background-2-150x150.jpg 150w, https:\/\/chefsouad.com\/wp-content\/uploads\/2025\/12\/studio-shooting-in-background-2-768x768.jpg 768w, https:\/\/chefsouad.com\/wp-content\/uploads\/2025\/12\/studio-shooting-in-background-2-1536x1536.jpg 1536w, https:\/\/chefsouad.com\/wp-content\/uploads\/2025\/12\/studio-shooting-in-background-2-2048x2048.jpg 2048w, https:\/\/chefsouad.com\/wp-content\/uploads\/2025\/12\/studio-shooting-in-background-2-12x12.jpg 12w, https:\/\/chefsouad.com\/wp-content\/uploads\/2025\/12\/studio-shooting-in-background-2-430x430.jpg 430w, https:\/\/chefsouad.com\/wp-content\/uploads\/2025\/12\/studio-shooting-in-background-2-700x700.jpg 700w\" sizes=\"(max-width: 2560px) 100vw, 2560px\" \/>\t\t\t\t\t<\/div>\n\n\t\t\t\t\t\t<\/div>\n\t\t\t\t<\/div>\n\t\t\t\t<\/div>\n\t\t<div class=\"elementor-element elementor-element-97d6084 e-con-full e-flex e-con e-child\" data-id=\"97d6084\" data-element_type=\"container\" data-e-type=\"container\">\n\t\t\t\t<div class=\"elementor-element elementor-element-98d830b wd-width-100 elementor-widget elementor-widget-wd_title\" data-id=\"98d830b\" data-element_type=\"widget\" data-e-type=\"widget\" data-widget_type=\"wd_title.default\">\n\t\t\t\t<div class=\"elementor-widget-container\">\n\t\t\t\t\t\t\t<div class=\"title-wrapper wd-set-mb reset-last-child wd-title-color-primary wd-title-style-default wd-title-size-large text-left\">\n\n\t\t\t\t\t\t\t\t\t\t\t<div class=\"title-subtitle subtitle-color-primary subtitle-style-default wd-fontsize-xs\">\n\t\t\t\t\t\u0627\u0644\u062a\u0645\u064a\u0651\u0632 \u0641\u064a \u0641\u0646\u0651 \u0627\u0644\u0637\u0647\u064a \u0628\u062a\u0648\u0642\u064a\u0639 \u062f\u0627\u0631 \u0627\u0644\u0628\u0633\u0637\u064a\u0644\u0629\t\t\t\t<\/div>\n\t\t\t\n\t\t\t<div class=\"liner-continer\">\n\t\t\t\t<h4 class=\"woodmart-title-container title wd-fontsize-xxl\">\u0627\u0644\u062a\u0642\u062f\u064a\u0645<\/h4> \n\t\t\t\t\t\t\t<\/div>\n\n\t\t\t\t\t<\/div>\n\t\t\t\t\t\t<\/div>\n\t\t\t\t<\/div>\n\t\t\t\t<div class=\"elementor-element elementor-element-66e47ad elementor-widget elementor-widget-wd_text_block\" data-id=\"66e47ad\" data-element_type=\"widget\" data-e-type=\"widget\" data-widget_type=\"wd_text_block.default\">\n\t\t\t\t<div class=\"elementor-widget-container\">\n\t\t\t\t\t\t\t<div class=\"wd-text-block reset-last-child text-left\">\n\t\t\t\n\t\t\t<p data-start=\"44\" data-end=\"646\">Dar Albastila est un projet culinaire d\u2019exception fond\u00e9 et dirig\u00e9 par <strong data-start=\"114\" data-end=\"128\">Chef Souad<\/strong>, une passionn\u00e9e de gastronomie forte de <strong data-start=\"169\" data-end=\"195\">12 ann\u00e9es d\u2019exp\u00e9rience<\/strong> dans la cuisine traditionnelle et \u00e9v\u00e9nementielle. Install\u00e9e \u00e0 <strong data-start=\"258\" data-end=\"268\">T\u00e9mara<\/strong>, avec <strong data-start=\"275\" data-end=\"297\">deux locaux d\u00e9di\u00e9s<\/strong>, Chef Souad met tout son savoir-faire au service de plats raffin\u00e9s, pr\u00e9par\u00e9s avec <strong data-start=\"380\" data-end=\"426\">des ingr\u00e9dients soigneusement s\u00e9lectionn\u00e9s<\/strong>, frais et de haute qualit\u00e9. Chaque recette est pens\u00e9e dans le souci du d\u00e9tail, du go\u00fbt et de la pr\u00e9sentation, afin <strong data-start=\"542\" data-end=\"573\">d\u2019impressionner vos invit\u00e9s<\/strong> et de transformer chaque occasion en une exp\u00e9rience culinaire m\u00e9morable.<\/p><p data-start=\"648\" data-end=\"1057\">Dar Albastila propose <strong data-start=\"670\" data-end=\"711\">un large catalogue d\u2019environ 40 plats<\/strong>, adapt\u00e9s \u00e0 tous types d\u2019\u00e9v\u00e9nements : <strong data-start=\"749\" data-end=\"848\">mariages, fian\u00e7ailles, bapt\u00eames, drib sadaq, soutenances, anniversaires, invitations familiales<\/strong> et toutes les f\u00eates et occasions sp\u00e9ciales. Le service se distingue par son <strong data-start=\"925\" data-end=\"997\">professionnalisme, sa ponctualit\u00e9 et son accompagnement personnalis\u00e9<\/strong>, garantissant une tranquillit\u00e9 d\u2019esprit totale aux clients.<\/p><p data-start=\"1059\" data-end=\"1541\" data-is-last-node=\"\" data-is-only-node=\"\">La livraison est assur\u00e9e \u00e0 <strong data-start=\"1086\" data-end=\"1095\">Rabat<\/strong> (Agdal, Souissi, Hay Riad, Dar Essalam, Hay Nahda, M\u00e9dina, El Manzah), <strong data-start=\"1167\" data-end=\"1191\">Sal\u00e9 et ses environs<\/strong> (Sal\u00e9, Harhoura, Sal\u00e9 Al Jadida, T\u00e9mara, Bouznika, Ouifak), ainsi qu\u2019\u00e0 <strong data-start=\"1263\" data-end=\"1294\">Casablanca et sa p\u00e9riph\u00e9rie<\/strong> (Casablanca, Sidi Rahal, Mohammedia, Bouskoura, Tamaris) pour toute commande <strong data-start=\"1372\" data-end=\"1395\">\u00e0 partir de 3000 DH<\/strong>.<br data-start=\"1396\" data-end=\"1399\" \/>Avec Dar Albastila, chaque plat est une promesse de <strong data-start=\"1451\" data-end=\"1487\">saveur, d\u2019\u00e9l\u00e9gance et de qualit\u00e9<\/strong>, pens\u00e9e pour marquer les esprits et ravir les palais.<\/p>\n\t\t\t\t\t<\/div>\n\t\t\t\t\t\t<\/div>\n\t\t\t\t<\/div>\n\t\t\t\t<\/div>\n\t\t\t\t\t<\/div>\n\t\t\t\t<\/div>\n\t\t<div class=\"wd-negative-gap elementor-element elementor-element-198efa6 e-flex e-con-boxed e-con e-parent\" data-id=\"198efa6\" data-element_type=\"container\" data-e-type=\"container\">\n\t\t\t\t\t<div class=\"e-con-inner\">\n\t\t\t\t<div class=\"elementor-element elementor-element-05d5218 elementor-widget elementor-widget-wd_image_or_svg\" data-id=\"05d5218\" data-element_type=\"widget\" data-e-type=\"widget\" data-widget_type=\"wd_image_or_svg.default\">\n\t\t\t\t<div class=\"elementor-widget-container\">\n\t\t\t\t\t\n\t\t<div class=\"wd-image text-center\">\n\t\t\t\t\t\t\t\t<img decoding=\"async\" width=\"142\" height=\"31\" src=\"https:\/\/chefsouad.com\/wp-content\/uploads\/2025\/12\/sign.png\" class=\"attachment-full size-full\" alt=\"\" srcset=\"https:\/\/chefsouad.com\/wp-content\/uploads\/2025\/12\/sign.png 142w, https:\/\/chefsouad.com\/wp-content\/uploads\/2025\/12\/sign-18x4.png 18w\" sizes=\"(max-width: 142px) 100vw, 142px\" \/>\t\t\t\t\t<\/div>\n\n\t\t\t\t\t\t<\/div>\n\t\t\t\t<\/div>\n\t\t\t\t\t<\/div>\n\t\t\t\t<\/div>\n\t\t\t\t<\/div>","protected":false},"excerpt":{"rendered":"<p>L\u2019excellence culinaire sign\u00e9e Dar Albastila Pr\u00e9sentation Dar Albastila est un projet culinaire d\u2019exception fond\u00e9 et dirig\u00e9 par Chef Souad, une<\/p>","protected":false},"author":1,"featured_media":0,"parent":0,"menu_order":0,"comment_status":"closed","ping_status":"closed","template":"","meta":{"footnotes":""},"class_list":["post-4400","page","type-page","status-publish","hentry"],"_hostinger_reach_plugin_has_subscription_block":false,"_hostinger_reach_plugin_is_elementor":false,"_links":{"self":[{"href":"https:\/\/chefsouad.com\/ar\/wp-json\/wp\/v2\/pages\/4400","targetHints":{"allow":["GET"]}}],"collection":[{"href":"https:\/\/chefsouad.com\/ar\/wp-json\/wp\/v2\/pages"}],"about":[{"href":"https:\/\/chefsouad.com\/ar\/wp-json\/wp\/v2\/types\/page"}],"author":[{"embeddable":true,"href":"https:\/\/chefsouad.com\/ar\/wp-json\/wp\/v2\/users\/1"}],"replies":[{"embeddable":true,"href":"https:\/\/chefsouad.com\/ar\/wp-json\/wp\/v2\/comments?post=4400"}],"version-history":[{"count":28,"href":"https:\/\/chefsouad.com\/ar\/wp-json\/wp\/v2\/pages\/4400\/revisions"}],"predecessor-version":[{"id":38247,"href":"https:\/\/chefsouad.com\/ar\/wp-json\/wp\/v2\/pages\/4400\/revisions\/38247"}],"wp:attachment":[{"href":"https:\/\/chefsouad.com\/ar\/wp-json\/wp\/v2\/media?parent=4400"}],"curies":[{"name":"wp","href":"https:\/\/api.w.org\/{rel}","templated":true}]}}